{"id":749,"date":"2021-11-20T17:44:43","date_gmt":"2021-11-20T14:44:43","guid":{"rendered":"https:\/\/vanessa.com.tr\/oslo-yemek-odasi\/"},"modified":"2022-06-09T17:52:28","modified_gmt":"2022-06-09T14:52:28","slug":"oslo-yemek-odasi","status":"publish","type":"product","link":"https:\/\/vanessa.com.tr\/en\/oslo-yemek-odasi\/","title":{"rendered":"Oslo Dining Room"},"content":{"rendered":"<table class=\"table table-bordered table-hover\" style=\"height: 344px;\" width=\"1338\">\n<thead>\n<tr>\n<th>Feature<\/th>\n<th>Explanation<\/th>\n<\/tr>\n<\/thead>\n<tbody>\n<tr>\n<td><strong>Oslo Dining Room Set Content;<\/strong><\/td>\n<td>It consists of 1 table, 1 console and mirror, 6 chairs.<\/td>\n<\/tr>\n<tr>\n<td><strong>Oslo Table<\/strong><\/td>\n<td>It is produced as lacquer painted in latte color. It is also available as a complete walnut option. Both fixed and folding table options are available. The interiors are sandstone colored particle board. Its legs are made of hornbeam and painted in walnut color.<\/td>\n<\/tr>\n<tr>\n<td><strong>Oslo Console<\/strong><\/td>\n<td>It is produced as lacquer painted in latte color. It is also available as a complete walnut option. The interiors are sandstone colored particle board. Its legs are made of hornbeam and painted in walnut color.<\/td>\n<\/tr>\n<tr>\n<td><strong>Oslo Chair<\/strong><\/td>\n<td>It is made of first class artificial leather. Its legs are made of hornbeam and painted in walnut color.<\/td>\n<\/tr>\n<tr>\n<td><strong>Explanation<\/strong><\/td>\n<td>Hettich brand material, which is a German brand, is used in the set.<\/td>\n<\/tr>\n<\/tbody>\n<\/table>","protected":false},"excerpt":{"rendered":"<p>\u00d6zellik A\u00e7\u0131klama Oslo Yemek Odas\u0131 Tak\u0131m \u0130\u00e7eri\u011fi; 1 adet masa, 1 adet konsol ve aynas\u0131, 6 adet sandalye den olu\u015fmaktad\u0131r.<\/p>","protected":false},"featured_media":721,"template":"","meta":[],"product_cat":[37],"product_tag":[42],"yoast_head":"<!-- This site is optimized with the Yoast SEO Premium plugin v16.0.3 (Yoast SEO v17.7) - https:\/\/yoast.com\/wordpress\/plugins\/seo\/ -->\n<title>Oslo Yemek Odas\u0131 - Vanessa Mobilya<\/title>\n<meta name=\"robots\" content=\"index, follow, max-snippet:-1, max-image-preview:large, max-video-preview:-1\" \/>\n<link rel=\"canonical\" href=\"https:\/\/vanessa.com.tr\/en\/oslo-yemek-odasi\/\" \/>\n<meta property=\"og:locale\" content=\"en_GB\" \/>\n<meta property=\"og:type\" content=\"article\" \/>\n<meta property=\"og:title\" content=\"Oslo Yemek Odas\u0131 - Vanessa Mobilya\" \/>\n<meta property=\"og:description\" content=\"\u00d6zellik A\u00e7\u0131klama Oslo Yemek Odas\u0131 Tak\u0131m \u0130\u00e7eri\u011fi; 1 adet masa, 1 adet konsol ve aynas\u0131, 6 adet sandalye den olu\u015fmaktad\u0131r.\" \/>\n<meta property=\"og:url\" content=\"https:\/\/vanessa.com.tr\/en\/oslo-yemek-odasi\/\" \/>\n<meta property=\"og:site_name\" content=\"Vanessa Mobilya\" \/>\n<meta property=\"article:modified_time\" content=\"2022-06-09T14:52:28+00:00\" \/>\n<meta property=\"og:image\" content=\"https:\/\/vanessa.com.tr\/wp-content\/uploads\/2021\/11\/urun-oslo-yemek-odasi-01.jpg\" \/>\n\t<meta property=\"og:image:width\" content=\"1800\" \/>\n\t<meta property=\"og:image:height\" content=\"1200\" \/>\n<meta name=\"twitter:card\" content=\"summary_large_image\" \/>\n<meta name=\"twitter:label1\" content=\"Estimated reading time\" \/>\n\t<meta name=\"twitter:data1\" content=\"1 minute\" \/>\n<script type=\"application\/ld+json\" class=\"yoast-schema-graph\">{\"@context\":\"https:\/\/schema.org\",\"@graph\":[{\"@type\":\"WebSite\",\"@id\":\"https:\/\/vanessa.com.tr\/#website\",\"url\":\"https:\/\/vanessa.com.tr\/\",\"name\":\"Vanessa Mobilya\",\"description\":\"- \\u0130neg\\u00f6l Mobilyas\\u0131\",\"potentialAction\":[{\"@type\":\"SearchAction\",\"target\":{\"@type\":\"EntryPoint\",\"urlTemplate\":\"https:\/\/vanessa.com.tr\/?s={search_term_string}\"},\"query-input\":\"required name=search_term_string\"}],\"inLanguage\":\"en-GB\"},{\"@type\":\"ImageObject\",\"@id\":\"https:\/\/vanessa.com.tr\/oslo-yemek-odasi\/#primaryimage\",\"inLanguage\":\"en-GB\",\"url\":\"https:\/\/vanessa.com.tr\/wp-content\/uploads\/2021\/11\/urun-oslo-yemek-odasi-01.jpg\",\"contentUrl\":\"https:\/\/vanessa.com.tr\/wp-content\/uploads\/2021\/11\/urun-oslo-yemek-odasi-01.jpg\",\"width\":1800,\"height\":1200,\"caption\":\"Oslo Yemek Odas\\u0131\"},{\"@type\":\"WebPage\",\"@id\":\"https:\/\/vanessa.com.tr\/oslo-yemek-odasi\/#webpage\",\"url\":\"https:\/\/vanessa.com.tr\/oslo-yemek-odasi\/\",\"name\":\"Oslo Yemek Odas\\u0131 - Vanessa Mobilya\",\"isPartOf\":{\"@id\":\"https:\/\/vanessa.com.tr\/#website\"},\"primaryImageOfPage\":{\"@id\":\"https:\/\/vanessa.com.tr\/oslo-yemek-odasi\/#primaryimage\"},\"datePublished\":\"2021-11-20T14:44:43+00:00\",\"dateModified\":\"2022-06-09T14:52:28+00:00\",\"breadcrumb\":{\"@id\":\"https:\/\/vanessa.com.tr\/oslo-yemek-odasi\/#breadcrumb\"},\"inLanguage\":\"en-GB\",\"potentialAction\":[{\"@type\":\"ReadAction\",\"target\":[\"https:\/\/vanessa.com.tr\/oslo-yemek-odasi\/\"]}]},{\"@type\":\"BreadcrumbList\",\"@id\":\"https:\/\/vanessa.com.tr\/oslo-yemek-odasi\/#breadcrumb\",\"itemListElement\":[{\"@type\":\"ListItem\",\"position\":1,\"name\":\"Ana sayfa\",\"item\":\"https:\/\/vanessa.com.tr\/\"},{\"@type\":\"ListItem\",\"position\":2,\"name\":\"Ma\\u011faza\",\"item\":\"https:\/\/vanessa.com.tr\/?page_id=172\"},{\"@type\":\"ListItem\",\"position\":3,\"name\":\"Oslo Yemek Odas\\u0131\"}]}]}<\/script>\n<!-- \/ Yoast SEO Premium plugin. -->","yoast_head_json":{"title":"Oslo Yemek Odas\u0131 - Vanessa Mobilya","robots":{"index":"index","follow":"follow","max-snippet":"max-snippet:-1","max-image-preview":"max-image-preview:large","max-video-preview":"max-video-preview:-1"},"canonical":"https:\/\/vanessa.com.tr\/en\/oslo-yemek-odasi\/","og_locale":"en_GB","og_type":"article","og_title":"Oslo Yemek Odas\u0131 - Vanessa Mobilya","og_description":"\u00d6zellik A\u00e7\u0131klama Oslo Yemek Odas\u0131 Tak\u0131m \u0130\u00e7eri\u011fi; 1 adet masa, 1 adet konsol ve aynas\u0131, 6 adet sandalye den olu\u015fmaktad\u0131r.","og_url":"https:\/\/vanessa.com.tr\/en\/oslo-yemek-odasi\/","og_site_name":"Vanessa Mobilya","article_modified_time":"2022-06-09T14:52:28+00:00","og_image":[{"width":1800,"height":1200,"url":"https:\/\/vanessa.com.tr\/wp-content\/uploads\/2021\/11\/urun-oslo-yemek-odasi-01.jpg","type":"image\/jpeg"}],"twitter_card":"summary_large_image","twitter_misc":{"Estimated reading time":"1 minute"},"schema":{"@context":"https:\/\/schema.org","@graph":[{"@type":"WebSite","@id":"https:\/\/vanessa.com.tr\/#website","url":"https:\/\/vanessa.com.tr\/","name":"Vanessa Mobilya","description":"- \u0130neg\u00f6l Mobilyas\u0131","potentialAction":[{"@type":"SearchAction","target":{"@type":"EntryPoint","urlTemplate":"https:\/\/vanessa.com.tr\/?s={search_term_string}"},"query-input":"required name=search_term_string"}],"inLanguage":"en-GB"},{"@type":"ImageObject","@id":"https:\/\/vanessa.com.tr\/oslo-yemek-odasi\/#primaryimage","inLanguage":"en-GB","url":"https:\/\/vanessa.com.tr\/wp-content\/uploads\/2021\/11\/urun-oslo-yemek-odasi-01.jpg","contentUrl":"https:\/\/vanessa.com.tr\/wp-content\/uploads\/2021\/11\/urun-oslo-yemek-odasi-01.jpg","width":1800,"height":1200,"caption":"Oslo Yemek Odas\u0131"},{"@type":"WebPage","@id":"https:\/\/vanessa.com.tr\/oslo-yemek-odasi\/#webpage","url":"https:\/\/vanessa.com.tr\/oslo-yemek-odasi\/","name":"Oslo Yemek Odas\u0131 - Vanessa Mobilya","isPartOf":{"@id":"https:\/\/vanessa.com.tr\/#website"},"primaryImageOfPage":{"@id":"https:\/\/vanessa.com.tr\/oslo-yemek-odasi\/#primaryimage"},"datePublished":"2021-11-20T14:44:43+00:00","dateModified":"2022-06-09T14:52:28+00:00","breadcrumb":{"@id":"https:\/\/vanessa.com.tr\/oslo-yemek-odasi\/#breadcrumb"},"inLanguage":"en-GB","potentialAction":[{"@type":"ReadAction","target":["https:\/\/vanessa.com.tr\/oslo-yemek-odasi\/"]}]},{"@type":"BreadcrumbList","@id":"https:\/\/vanessa.com.tr\/oslo-yemek-odasi\/#breadcrumb","itemListElement":[{"@type":"ListItem","position":1,"name":"Ana sayfa","item":"https:\/\/vanessa.com.tr\/"},{"@type":"ListItem","position":2,"name":"Ma\u011faza","item":"https:\/\/vanessa.com.tr\/?page_id=172"},{"@type":"ListItem","position":3,"name":"Oslo Yemek Odas\u0131"}]}]}},"_links":{"self":[{"href":"https:\/\/vanessa.com.tr\/en\/wp-json\/wp\/v2\/product\/749"}],"collection":[{"href":"https:\/\/vanessa.com.tr\/en\/wp-json\/wp\/v2\/product"}],"about":[{"href":"https:\/\/vanessa.com.tr\/en\/wp-json\/wp\/v2\/types\/product"}],"wp:featuredmedia":[{"embeddable":true,"href":"https:\/\/vanessa.com.tr\/en\/wp-json\/wp\/v2\/media\/721"}],"wp:attachment":[{"href":"https:\/\/vanessa.com.tr\/en\/wp-json\/wp\/v2\/media?parent=749"}],"wp:term":[{"taxonomy":"product_cat","embeddable":true,"href":"https:\/\/vanessa.com.tr\/en\/wp-json\/wp\/v2\/product_cat?post=749"},{"taxonomy":"product_tag","embeddable":true,"href":"https:\/\/vanessa.com.tr\/en\/wp-json\/wp\/v2\/product_tag?post=749"}],"curies":[{"name":"wp","href":"https:\/\/api.w.org\/{rel}","templated":true}]}}