{"id":747,"date":"2021-11-20T17:44:42","date_gmt":"2021-11-20T14:44:42","guid":{"rendered":"https:\/\/vanessa.com.tr\/angelo-yemek-odasi-2\/"},"modified":"2022-06-09T17:51:05","modified_gmt":"2022-06-09T14:51:05","slug":"angelo-yemek-odasi-2","status":"publish","type":"product","link":"https:\/\/vanessa.com.tr\/en\/angelo-yemek-odasi-2\/","title":{"rendered":"Angelo Dining Room"},"content":{"rendered":"<div class=\"vc_row wpb_row vc_row-fluid\"><div class=\"wpb_column vc_column_container vc_col-sm-12\"><div class=\"vc_column-inner\"><div class=\"wpb_wrapper\">\n\t<div class=\"wpb_text_column wpb_content_element\" >\n\t\t<div class=\"wpb_wrapper\">\n\t\t\t<table class=\"table table-bordered table-hover\">\n<thead>\n<tr>\n<th>Feature<\/th>\n<th>Explanation<\/th>\n<\/tr>\n<\/thead>\n<tbody>\n<tr>\n<td><strong>Angelo Dining Room Set Content;<\/strong><\/td>\n<td>It consists of 1 table, 1 console and mirror, 6 chairs.<\/td>\n<\/tr>\n<tr>\n<td><strong>Angelo Table<\/strong><\/td>\n<td>It is made of American walnut veneer on MDF. It has two options, fixed and pop-up.<\/td>\n<\/tr>\n<tr>\n<td><strong>Angelo Console and Mirror<\/strong><\/td>\n<td>American walnut veneer is used. The interiors are sandstone colored particle board. Drawers are cambered. It has a mirror-size shelf in its mirror. The top table can be made in both walnut and anthracite colors.<\/td>\n<\/tr>\n<tr>\n<td><strong>Angelo Chair<\/strong><\/td>\n<td>It is made of first class artificial leather. Its legs are made of hornbeam and painted in walnut color.<\/td>\n<\/tr>\n<tr>\n<td><strong>Angelo Dresser and Mirror<\/strong><\/td>\n<td>American walnut veneer is used. The interiors are sandstone colored particle board. Drawers are cambered. The top table can be made in both walnut and anthracite colors.<\/td>\n<\/tr>\n<tr>\n<td><strong>Angelo Commode<\/strong><\/td>\n<td>American walnut veneer is used. The interior parts are sandstone colored particle board. Drawers are cambered. The top table can be made in both walnut and anthracite colors.<\/td>\n<\/tr>\n<tr>\n<td><strong>Explanation<\/strong><\/td>\n<td>Hettich brand material, which is a German brand, is used in the set.<\/td>\n<\/tr>\n<\/tbody>\n<\/table>\n\n\t\t<\/div>\n\t<\/div>\n<\/div><\/div><\/div><\/div><div class=\"vc_row wpb_row vc_row-fluid\"><div class=\"wpb_column vc_column_container vc_col-sm-12\"><div class=\"vc_column-inner\"><div class=\"wpb_wrapper\">\n\t<div class=\"wpb_text_column wpb_content_element\" >\n\t\t<div class=\"wpb_wrapper\">\n\t\t\t<div class=\"wpb_element_wrapper\">\n<div class=\"wpb_column_container vc_container_for_children ui-sortable\">\n<div class=\"wpb_vc_column_text wpb_content_element wpb_sortable\" data-element_type=\"vc_column_text\" data-model-id=\"2aa4c8f5-4008\">\n<div class=\"wpb_element_wrapper clearfix\">\n<div class=\"wpb_vc_param_value content textarea_html\">\n<p>Yemek odas\u0131 tak\u0131mlar\u0131, aileleri bir araya getiren, en sevilen misafirlerin a\u011f\u0131rland\u0131\u011f\u0131 ve en g\u00fczel sohbetlerin ger\u00e7ekle\u015ftirildi\u011fi alanlard\u0131r. Bazen ayr\u0131 oda olarak bazen de salon i\u00e7erisinde bir k\u00f6\u015fe olarak haz\u0131rlanan yemek odalar\u0131, evlerin dekorasyonuna renk kat\u0131yor ve daha modern hale getiriyor. Evlerde uzun y\u0131llar boyunca kullan\u0131lacak olan mobilyalardan biri olan ve dekorasyonlara \u015f\u0131kl\u0131k katacak yemek odas\u0131 tak\u0131mlar\u0131n\u0131 se\u00e7erken de baz\u0131 kriterlere dikkat edilmesi gerekiyor. Uzun y\u0131llar boyunca d\u0131\u015f etkenlere kar\u015f\u0131 bozulmadan kullan\u0131labilen, dayan\u0131kl\u0131 \u00fcr\u00fcnler bilindi\u011fi gibi kaliteli malzemeler kullan\u0131larak imal edilir. Fakat piyasa fiyatlar\u0131 di\u011fer kalitesiz \u00fcr\u00fcnlere g\u00f6re biraz daha y\u00fcksektir. En g\u00fczel, en kaliteli ve modern yemek tak\u0131mlar\u0131n\u0131 en uygun fiyatlarla Vanessa Mobilya&#8217;dan alabilirsiniz.<\/p>\n<h1>Modern Tasar\u0131ml\u0131 Salonlar<\/h1>\n<p>Angelo yemek odas\u0131 tak\u0131m\u0131, odalara ve evlere modernist \u00e7izgilerle gelerek, en yeni trendlere kolayl\u0131kla uyum sa\u011fl\u0131yor. Ayr\u0131ca hem \u00e7ok kullan\u0131\u015fl\u0131 hem \u00e7ok dayan\u0131kl\u0131 ve hem de olduk\u00e7a ergonomik bir tasr\u0131ma sahip olan bu \u00fcr\u00fcn, g\u00fcn\u00fcm\u00fcz modas\u0131na da sanat anlay\u0131\u015f\u0131na da birebir uyum sa\u011fl\u0131yor. Son zamanlarda evlerde hakim olan minimalist tasar\u0131mlara da kolayl\u0131kla empoze edilen Angelo yemek odas\u0131 tak\u0131m\u0131, odalara sadeli\u011fin yan\u0131 s\u0131ra \u015f\u0131kl\u0131k da kazand\u0131rmaktad\u0131r. Zaman\u0131n \u00f6nemli bir k\u0131sm\u0131n\u0131n ge\u00e7irildi\u011fi yemek odalar\u0131na mobilya al\u0131rken kullan\u0131m kolayl\u0131\u011f\u0131 mutlaka g\u00f6z \u00f6n\u00fcnde bulundurulmal\u0131d\u0131r. Kullan\u0131m a\u00e7\u0131s\u0131ndan pratik olan bu \u00fcr\u00fcn, misafirlerinizin de dikkatini \u00e7ekecek ve sundu\u011fu konfor ile de ailenizi her zaman mutlu edecek.<\/p>\n<h1>Opsiyonel Niteliklerle Kullan\u0131m Kolayl\u0131\u011f\u0131<\/h1>\n<p>Angelo yemek odas\u0131 tak\u0131m\u0131, bir adet mdf \u00fczerine Amerikan ceviz kaplamadan \u00fcretilmi\u015f geni\u015f bir masa, 1 adet \u015f\u0131k hatlara sahip konsol ve 6 adet de sandalyeden olu\u015fmaktad\u0131r. Tak\u0131m\u0131n en \u00f6nemli par\u00e7as\u0131 olan masa, sabit ve a\u00e7\u0131l\u0131k olmak \u00fczere iki opsiyonu ayn\u0131 anda ta\u015f\u0131r. \u00d6yle ki modern yemek tak\u0131mlar\u0131nda sat\u0131\u015fa sunulan konsollar mutlaka kullan\u0131m kolayl\u0131\u011f\u0131 sa\u011flamal\u0131d\u0131r. Hem evde hem de mutfakta fazla e\u015fyalar\u0131 kolayl\u0131kla saklayabilecek geni\u015f \u00e7ekmece haznesine sahip olan Angelo yemek tak\u0131m\u0131, a\u00e7\u0131l\u0131r masas\u0131 ile de kimi zaman ev sahiplerinin kimi zaman da a\u011f\u0131rlanan misafirlerin ihtiya\u00e7lar\u0131na g\u00f6re \u015fekillenebilecektir. Tak\u0131m i\u00e7erisinde bulunan sandalyeler uzun s\u00fcre kullan\u0131ma dayan\u0131kl\u0131 bir \u015fekilde imal edilmi\u015ftir. Ayn\u0131 zamanda konsol ve aynas\u0131 da kullan\u0131ld\u0131\u011f\u0131 alanlara ba\u015far\u0131l\u0131 bir derinlik katar, salon tak\u0131mlar\u0131yla kolayl\u0131kla uyum sa\u011flar ve odalar\u0131n daha \u015f\u0131k hale gelmesine de yard\u0131mc\u0131 olur. Angelo yemek odas\u0131 tak\u0131m\u0131nda yer alan her bir \u00fcr\u00fcn\u00fcn detaylar insanlara kullan\u0131m kolayl\u0131\u011f\u0131 yaratmas\u0131n\u0131n yan\u0131 s\u0131ra do\u011fru \u0131\u015f\u0131kland\u0131rmayla kullan\u0131ld\u0131\u011f\u0131nda da salonlara \u0131\u015f\u0131l \u0131\u015f\u0131l bir manzara kazand\u0131r\u0131r.<\/p>\n<h1>Ah\u015fap Detaylardan Gelen Do\u011fall\u0131k ve \u015e\u0131kl\u0131k<\/h1>\n<p>Angelo yemek odas\u0131 tak\u0131m\u0131 kullan\u0131ld\u0131klar\u0131 alanlarda birbirinden farkl\u0131 avantajlar sa\u011flamaktad\u0131r. \u0130nsanlar mobilya almadan \u00f6nce kendilerine g\u00f6re baz\u0131 kriterler olu\u015fturmaktad\u0131rlar. Bu kriterler kapsam\u0131nda da \u00fcr\u00fcnleri de\u011ferlendirerek se\u00e7imlerini ger\u00e7ekle\u015ftirirler. Angelo yemek odas\u0131 tak\u0131m\u0131, bir salonda ihtiyac\u0131n\u0131z olabilecek t\u00fcm fonksiyonel \u00f6zellikleri bar\u0131nd\u0131r\u0131yor. Ayn\u0131 zamanda kullan\u0131ld\u0131\u011f\u0131 alanlara da ah\u015faptan gelen do\u011fal bir g\u00fczellik kazand\u0131r\u0131yor. Bilindi\u011fi gibi ev dekorasyon modas\u0131nda son zamanlarda pop\u00fcler hale gelen ah\u015fap detaylar, zamans\u0131z \u015f\u0131kl\u0131k yaratan nadir \u00fcr\u00fcnlerden biridir. Hi\u00e7bir zaman modas\u0131 ge\u00e7mez. Kalitesiz malzemelerden imal edilmi\u015f mobilyalar, k\u0131sa s\u00fcre sonra yap\u0131s\u0131ndaki bozulmalar nedeniyle kullan\u0131c\u0131lara ekstra masraf \u00e7\u0131kar\u0131yor. Fakat ah\u015fap malzemelerden tasarlanm\u0131\u015f olan \u00fcr\u00fcnler do\u011fal oldu\u011fundan ve di\u011fer malzemelere g\u00f6re \u00e7ok daha dayan\u0131kl\u0131 olduklar\u0131ndan uzun y\u0131llar boyunca kullan\u0131mlar\u0131 m\u00fcmk\u00fcnd\u00fcr. Ekstra masraf \u00e7\u0131karmaz. D\u0131\u015f etkenlere kar\u015f\u0131 di\u011fer malzemelere g\u00f6re \u00e7ok daha fazla dayan\u0131kl\u0131d\u0131r. Kolay kolay y\u0131pranmaz, \u00e7izilmez ve zarar g\u00f6rmez. Ayr\u0131ca kullan\u0131ld\u0131klar\u0131 alanlara da do\u011fall\u0131k ve huzur katar. Angelo yemek odas\u0131 tak\u0131m\u0131 i\u00e7erisinde bar\u0131nd\u0131rd\u0131\u011f\u0131 ah\u015fap motifler sayesinde salonlar\u0131n\u0131zda uzun s\u00fcreli bir \u015f\u0131kl\u0131k yarat\u0131rken, ekonomik fiyat\u0131yla da b\u00fct\u00e7e dostu bir nitelik ta\u015f\u0131maktad\u0131r.<\/p>\n<h1>Kolay Temizlenebilir Kuma\u015f<\/h1>\n<p>Yemek odas\u0131 tak\u0131mlar\u0131n\u0131n olmazsa olmaz par\u00e7alar\u0131ndan biri de sandalyelerdir. Evlerin en s\u0131k kullan\u0131lan alanlar\u0131 olan salonlarda kimi zaman talihsizlikler s\u00f6z konusu olabilir. \u00d6zellikle de evlerinde k\u00fc\u00e7\u00fck \u00e7ocu\u011fu olan ailelerin mobilyalar\u0131 \u00e7ok daha kolay kirlenebilir. B\u00f6yle durumlarda iyi yemek odas\u0131 tak\u0131mlar\u0131n\u0131n sizlere temizlik a\u00e7\u0131s\u0131ndan da kolayl\u0131k sa\u011flamas\u0131 gerekecektir. Angelo yemek odas\u0131 tak\u0131m\u0131 ya\u015fanmas\u0131 m\u00fcmk\u00fcn olan hemen her t\u00fcrl\u00fc talihsizli\u011fe kar\u015f\u0131 sandalyelerinde kulland\u0131\u011f\u0131 kuma\u015flar\u0131 kolay temizlenebilir nitelik ta\u015f\u0131yan \u00fcr\u00fcnlerden se\u00e7mi\u015ftir. Ayr\u0131ca kullan\u0131lan kuma\u015f konfor ve rahatl\u0131k a\u00e7\u0131s\u0131ndan da en iyi performans\u0131 sunar. Uzun \u00f6m\u00fcrl\u00fc malzemelerle \u00fcretilmi\u015f Angelo yemek tak\u0131m\u0131, sa\u011flad\u0131\u011f\u0131 avantajlar\u0131n yan\u0131 s\u0131ra evlerinize trend ak\u0131mlar\u0131 ta\u015f\u0131man\u0131z i\u00e7in de ideal bir se\u00e7enek olacakt\u0131r.<\/p>\n<h1>B\u00fct\u00e7e Dostu Fiyatlar<\/h1>\n<p>Yemek odas\u0131 tak\u0131mlar\u0131n\u0131n genellikle y\u00fcksek fiyatlardan sat\u0131\u015fa sunuldu\u011fu g\u00f6r\u00fcl\u00fcr. Ancak fiyat\u0131 belirleyen en \u00f6nemli fakt\u00f6r \u00fcretimde kullan\u0131lan materyallerin kalitesi ve maliyetidir. Angelo yemek odas\u0131 tak\u0131m\u0131n\u0131n \u00fcretiminde ithal edilmi\u015f malzemeler kullan\u0131lm\u0131\u015f olmas\u0131na kar\u015f\u0131n \u00fcr\u00fcn\u00fcn fiyat\u0131 piyasaya g\u00f6re \u00e7ok daha ekonomiktir. Ayr\u0131ca uzun s\u00fcreli dayan\u0131kl\u0131l\u0131k sa\u011flayacak ve d\u0131\u015f fakt\u00f6rlerden de kolay kolay etkilenmeyecek olan bu \u00fcr\u00fcn\u00fc sizler de Vanessa Mobilya&#8217;dan sat\u0131n alarak evlerinizde trendlere uygun bir dekorasyon yaratabilirsiniz.<\/p>\n<\/div>\n<\/div>\n<\/div>\n<\/div>\n<\/div>\n<div class=\"vc_controls vc_control-column vc_controls-visible bottom-controls\"><\/div>\n\n\t\t<\/div>\n\t<\/div>\n<\/div><\/div><\/div><\/div>","protected":false},"excerpt":{"rendered":"\u00d6zellik A\u00e7\u0131klama Angelo Yemek Odas\u0131 Tak\u0131m \u0130\u00e7eri\u011fi; 1 adet masa, 1 adet konsol ve aynas\u0131, 6 adet sandalye den olu\u015fmaktad\u0131r.","protected":false},"featured_media":685,"template":"","meta":[],"product_cat":[37],"product_tag":[43],"yoast_head":"<!-- This site is optimized with the Yoast SEO Premium plugin v16.0.3 (Yoast SEO v17.7) - https:\/\/yoast.com\/wordpress\/plugins\/seo\/ -->\n<title>Angelo Yemek Odas\u0131 - Vanessa Mobilya<\/title>\n<meta name=\"robots\" content=\"index, follow, max-snippet:-1, max-image-preview:large, max-video-preview:-1\" \/>\n<link rel=\"canonical\" href=\"https:\/\/vanessa.com.tr\/en\/angelo-yemek-odasi-2\/\" \/>\n<meta property=\"og:locale\" content=\"en_GB\" \/>\n<meta property=\"og:type\" content=\"article\" \/>\n<meta property=\"og:title\" content=\"Angelo Yemek Odas\u0131 - Vanessa Mobilya\" \/>\n<meta property=\"og:url\" content=\"https:\/\/vanessa.com.tr\/en\/angelo-yemek-odasi-2\/\" \/>\n<meta property=\"og:site_name\" content=\"Vanessa Mobilya\" \/>\n<meta property=\"article:modified_time\" content=\"2022-06-09T14:51:05+00:00\" \/>\n<meta property=\"og:image\" content=\"https:\/\/vanessa.com.tr\/wp-content\/uploads\/2021\/11\/urun-angelo-yemek-odasi-01.jpg\" \/>\n\t<meta property=\"og:image:width\" content=\"1800\" \/>\n\t<meta property=\"og:image:height\" content=\"1200\" \/>\n<meta name=\"twitter:card\" content=\"summary_large_image\" \/>\n<meta name=\"twitter:label1\" content=\"Estimated reading time\" \/>\n\t<meta name=\"twitter:data1\" content=\"4 minutes\" \/>\n<script type=\"application\/ld+json\" class=\"yoast-schema-graph\">{\"@context\":\"https:\/\/schema.org\",\"@graph\":[{\"@type\":\"WebSite\",\"@id\":\"https:\/\/vanessa.com.tr\/#website\",\"url\":\"https:\/\/vanessa.com.tr\/\",\"name\":\"Vanessa Mobilya\",\"description\":\"- \\u0130neg\\u00f6l Mobilyas\\u0131\",\"potentialAction\":[{\"@type\":\"SearchAction\",\"target\":{\"@type\":\"EntryPoint\",\"urlTemplate\":\"https:\/\/vanessa.com.tr\/?s={search_term_string}\"},\"query-input\":\"required name=search_term_string\"}],\"inLanguage\":\"en-GB\"},{\"@type\":\"ImageObject\",\"@id\":\"https:\/\/vanessa.com.tr\/angelo-yemek-odasi-2\/#primaryimage\",\"inLanguage\":\"en-GB\",\"url\":\"https:\/\/vanessa.com.tr\/wp-content\/uploads\/2021\/11\/urun-angelo-yemek-odasi-01.jpg\",\"contentUrl\":\"https:\/\/vanessa.com.tr\/wp-content\/uploads\/2021\/11\/urun-angelo-yemek-odasi-01.jpg\",\"width\":1800,\"height\":1200,\"caption\":\"Angelo Yemek Odas\\u0131\"},{\"@type\":\"WebPage\",\"@id\":\"https:\/\/vanessa.com.tr\/angelo-yemek-odasi-2\/#webpage\",\"url\":\"https:\/\/vanessa.com.tr\/angelo-yemek-odasi-2\/\",\"name\":\"Angelo Yemek Odas\\u0131 - Vanessa Mobilya\",\"isPartOf\":{\"@id\":\"https:\/\/vanessa.com.tr\/#website\"},\"primaryImageOfPage\":{\"@id\":\"https:\/\/vanessa.com.tr\/angelo-yemek-odasi-2\/#primaryimage\"},\"datePublished\":\"2021-11-20T14:44:42+00:00\",\"dateModified\":\"2022-06-09T14:51:05+00:00\",\"breadcrumb\":{\"@id\":\"https:\/\/vanessa.com.tr\/angelo-yemek-odasi-2\/#breadcrumb\"},\"inLanguage\":\"en-GB\",\"potentialAction\":[{\"@type\":\"ReadAction\",\"target\":[\"https:\/\/vanessa.com.tr\/angelo-yemek-odasi-2\/\"]}]},{\"@type\":\"BreadcrumbList\",\"@id\":\"https:\/\/vanessa.com.tr\/angelo-yemek-odasi-2\/#breadcrumb\",\"itemListElement\":[{\"@type\":\"ListItem\",\"position\":1,\"name\":\"Ana sayfa\",\"item\":\"https:\/\/vanessa.com.tr\/\"},{\"@type\":\"ListItem\",\"position\":2,\"name\":\"Ma\\u011faza\",\"item\":\"https:\/\/vanessa.com.tr\/?page_id=172\"},{\"@type\":\"ListItem\",\"position\":3,\"name\":\"Angelo Yemek Odas\\u0131\"}]}]}<\/script>\n<!-- \/ Yoast SEO Premium plugin. -->","yoast_head_json":{"title":"Angelo Yemek Odas\u0131 - Vanessa Mobilya","robots":{"index":"index","follow":"follow","max-snippet":"max-snippet:-1","max-image-preview":"max-image-preview:large","max-video-preview":"max-video-preview:-1"},"canonical":"https:\/\/vanessa.com.tr\/en\/angelo-yemek-odasi-2\/","og_locale":"en_GB","og_type":"article","og_title":"Angelo Yemek Odas\u0131 - Vanessa Mobilya","og_url":"https:\/\/vanessa.com.tr\/en\/angelo-yemek-odasi-2\/","og_site_name":"Vanessa Mobilya","article_modified_time":"2022-06-09T14:51:05+00:00","og_image":[{"width":1800,"height":1200,"url":"https:\/\/vanessa.com.tr\/wp-content\/uploads\/2021\/11\/urun-angelo-yemek-odasi-01.jpg","type":"image\/jpeg"}],"twitter_card":"summary_large_image","twitter_misc":{"Estimated reading time":"4 minutes"},"schema":{"@context":"https:\/\/schema.org","@graph":[{"@type":"WebSite","@id":"https:\/\/vanessa.com.tr\/#website","url":"https:\/\/vanessa.com.tr\/","name":"Vanessa Mobilya","description":"- \u0130neg\u00f6l Mobilyas\u0131","potentialAction":[{"@type":"SearchAction","target":{"@type":"EntryPoint","urlTemplate":"https:\/\/vanessa.com.tr\/?s={search_term_string}"},"query-input":"required name=search_term_string"}],"inLanguage":"en-GB"},{"@type":"ImageObject","@id":"https:\/\/vanessa.com.tr\/angelo-yemek-odasi-2\/#primaryimage","inLanguage":"en-GB","url":"https:\/\/vanessa.com.tr\/wp-content\/uploads\/2021\/11\/urun-angelo-yemek-odasi-01.jpg","contentUrl":"https:\/\/vanessa.com.tr\/wp-content\/uploads\/2021\/11\/urun-angelo-yemek-odasi-01.jpg","width":1800,"height":1200,"caption":"Angelo Yemek Odas\u0131"},{"@type":"WebPage","@id":"https:\/\/vanessa.com.tr\/angelo-yemek-odasi-2\/#webpage","url":"https:\/\/vanessa.com.tr\/angelo-yemek-odasi-2\/","name":"Angelo Yemek Odas\u0131 - Vanessa Mobilya","isPartOf":{"@id":"https:\/\/vanessa.com.tr\/#website"},"primaryImageOfPage":{"@id":"https:\/\/vanessa.com.tr\/angelo-yemek-odasi-2\/#primaryimage"},"datePublished":"2021-11-20T14:44:42+00:00","dateModified":"2022-06-09T14:51:05+00:00","breadcrumb":{"@id":"https:\/\/vanessa.com.tr\/angelo-yemek-odasi-2\/#breadcrumb"},"inLanguage":"en-GB","potentialAction":[{"@type":"ReadAction","target":["https:\/\/vanessa.com.tr\/angelo-yemek-odasi-2\/"]}]},{"@type":"BreadcrumbList","@id":"https:\/\/vanessa.com.tr\/angelo-yemek-odasi-2\/#breadcrumb","itemListElement":[{"@type":"ListItem","position":1,"name":"Ana sayfa","item":"https:\/\/vanessa.com.tr\/"},{"@type":"ListItem","position":2,"name":"Ma\u011faza","item":"https:\/\/vanessa.com.tr\/?page_id=172"},{"@type":"ListItem","position":3,"name":"Angelo Yemek Odas\u0131"}]}]}},"_links":{"self":[{"href":"https:\/\/vanessa.com.tr\/en\/wp-json\/wp\/v2\/product\/747"}],"collection":[{"href":"https:\/\/vanessa.com.tr\/en\/wp-json\/wp\/v2\/product"}],"about":[{"href":"https:\/\/vanessa.com.tr\/en\/wp-json\/wp\/v2\/types\/product"}],"wp:featuredmedia":[{"embeddable":true,"href":"https:\/\/vanessa.com.tr\/en\/wp-json\/wp\/v2\/media\/685"}],"wp:attachment":[{"href":"https:\/\/vanessa.com.tr\/en\/wp-json\/wp\/v2\/media?parent=747"}],"wp:term":[{"taxonomy":"product_cat","embeddable":true,"href":"https:\/\/vanessa.com.tr\/en\/wp-json\/wp\/v2\/product_cat?post=747"},{"taxonomy":"product_tag","embeddable":true,"href":"https:\/\/vanessa.com.tr\/en\/wp-json\/wp\/v2\/product_tag?post=747"}],"curies":[{"name":"wp","href":"https:\/\/api.w.org\/{rel}","templated":true}]}}