{"id":581,"date":"2021-11-20T16:49:44","date_gmt":"2021-11-20T13:49:44","guid":{"rendered":"https:\/\/vanessa.com.tr\/angelo-tv-unitei\/"},"modified":"2022-07-19T12:00:07","modified_gmt":"2022-07-19T09:00:07","slug":"angelo-tv-unitesi","status":"publish","type":"product","link":"https:\/\/vanessa.com.tr\/en\/angelo-tv-unitesi\/","title":{"rendered":"Angelo Tv Unit"},"content":{"rendered":"<table class=\"table table-bordered table-hover\">\n<thead>\n<tr>\n<th>Feature<\/th>\n<th>Explanation<\/th>\n<\/tr>\n<\/thead>\n<tbody>\n<tr>\n<td><strong>Angelo Tv Unit Content;<\/strong><\/td>\n<td>It consists of 1 lower block, 1 shelf block and 1 back panel.<\/td>\n<\/tr>\n<tr>\n<td><strong>Angelo Unit<\/strong><\/td>\n<td>American walnut veneer is used. 4 and 6 door options are available. The front faces are cambered and covered. Top tables can be made in both walnut and anthracite colors. The back panel is anthracite. The upper block should be divided into shelves.<\/td>\n<\/tr>\n<tr>\n<td><strong>Explanation<\/strong><\/td>\n<td>Hettich brand material, which is a German brand, is used in the set.<\/td>\n<\/tr>\n<\/tbody>\n<\/table>","protected":false},"excerpt":{"rendered":"<p>\u00d6zellik A\u00e7\u0131klama Angelo Tv \u00dcnitesi \u0130\u00e7eri\u011fi; 1 adet alt blok, 1 adet rafl\u0131 blok ve 1 adet arka panodan olu\u015fmaktad\u0131r.<\/p>","protected":false},"featured_media":4843,"template":"","meta":[],"product_cat":[35],"product_tag":[43],"yoast_head":"<!-- This site is optimized with the Yoast SEO Premium plugin v16.0.3 (Yoast SEO v17.7) - https:\/\/yoast.com\/wordpress\/plugins\/seo\/ -->\n<title>Angelo Tv \u00dcnitesi - Vanessa Mobilya<\/title>\n<meta name=\"robots\" content=\"index, follow, max-snippet:-1, max-image-preview:large, max-video-preview:-1\" \/>\n<link rel=\"canonical\" href=\"https:\/\/vanessa.com.tr\/en\/angelo-tv-unitesi\/\" \/>\n<meta property=\"og:locale\" content=\"en_GB\" \/>\n<meta property=\"og:type\" content=\"article\" \/>\n<meta property=\"og:title\" content=\"Angelo Tv \u00dcnitesi - Vanessa Mobilya\" \/>\n<meta property=\"og:description\" content=\"\u00d6zellik A\u00e7\u0131klama Angelo Tv \u00dcnitesi \u0130\u00e7eri\u011fi; 1 adet alt blok, 1 adet rafl\u0131 blok ve 1 adet arka panodan olu\u015fmaktad\u0131r.\" \/>\n<meta property=\"og:url\" content=\"https:\/\/vanessa.com.tr\/en\/angelo-tv-unitesi\/\" \/>\n<meta property=\"og:site_name\" content=\"Vanessa Mobilya\" \/>\n<meta property=\"article:modified_time\" content=\"2022-07-19T09:00:07+00:00\" \/>\n<meta property=\"og:image\" content=\"https:\/\/vanessa.com.tr\/wp-content\/uploads\/2021\/11\/angelo-tv-unit-10.jpg\" \/>\n\t<meta property=\"og:image:width\" content=\"1200\" \/>\n\t<meta property=\"og:image:height\" content=\"800\" \/>\n<meta name=\"twitter:card\" content=\"summary_large_image\" \/>\n<meta name=\"twitter:label1\" content=\"Estimated reading time\" \/>\n\t<meta name=\"twitter:data1\" content=\"1 minute\" \/>\n<script type=\"application\/ld+json\" class=\"yoast-schema-graph\">{\"@context\":\"https:\/\/schema.org\",\"@graph\":[{\"@type\":\"WebSite\",\"@id\":\"https:\/\/vanessa.com.tr\/#website\",\"url\":\"https:\/\/vanessa.com.tr\/\",\"name\":\"Vanessa Mobilya\",\"description\":\"- \\u0130neg\\u00f6l Mobilyas\\u0131\",\"potentialAction\":[{\"@type\":\"SearchAction\",\"target\":{\"@type\":\"EntryPoint\",\"urlTemplate\":\"https:\/\/vanessa.com.tr\/?s={search_term_string}\"},\"query-input\":\"required name=search_term_string\"}],\"inLanguage\":\"en-GB\"},{\"@type\":\"ImageObject\",\"@id\":\"https:\/\/vanessa.com.tr\/angelo-tv-unitesi\/#primaryimage\",\"inLanguage\":\"en-GB\",\"url\":\"https:\/\/vanessa.com.tr\/wp-content\/uploads\/2021\/11\/angelo-tv-unit-10.jpg\",\"contentUrl\":\"https:\/\/vanessa.com.tr\/wp-content\/uploads\/2021\/11\/angelo-tv-unit-10.jpg\",\"width\":1200,\"height\":800},{\"@type\":\"WebPage\",\"@id\":\"https:\/\/vanessa.com.tr\/angelo-tv-unitesi\/#webpage\",\"url\":\"https:\/\/vanessa.com.tr\/angelo-tv-unitesi\/\",\"name\":\"Angelo Tv \\u00dcnitesi - Vanessa Mobilya\",\"isPartOf\":{\"@id\":\"https:\/\/vanessa.com.tr\/#website\"},\"primaryImageOfPage\":{\"@id\":\"https:\/\/vanessa.com.tr\/angelo-tv-unitesi\/#primaryimage\"},\"datePublished\":\"2021-11-20T13:49:44+00:00\",\"dateModified\":\"2022-07-19T09:00:07+00:00\",\"breadcrumb\":{\"@id\":\"https:\/\/vanessa.com.tr\/angelo-tv-unitesi\/#breadcrumb\"},\"inLanguage\":\"en-GB\",\"potentialAction\":[{\"@type\":\"ReadAction\",\"target\":[\"https:\/\/vanessa.com.tr\/angelo-tv-unitesi\/\"]}]},{\"@type\":\"BreadcrumbList\",\"@id\":\"https:\/\/vanessa.com.tr\/angelo-tv-unitesi\/#breadcrumb\",\"itemListElement\":[{\"@type\":\"ListItem\",\"position\":1,\"name\":\"Ana sayfa\",\"item\":\"https:\/\/vanessa.com.tr\/\"},{\"@type\":\"ListItem\",\"position\":2,\"name\":\"Ma\\u011faza\",\"item\":\"https:\/\/vanessa.com.tr\/?page_id=172\"},{\"@type\":\"ListItem\",\"position\":3,\"name\":\"Angelo Tv \\u00dcnitesi\"}]}]}<\/script>\n<!-- \/ Yoast SEO Premium plugin. -->","yoast_head_json":{"title":"Angelo Tv \u00dcnitesi - Vanessa Mobilya","robots":{"index":"index","follow":"follow","max-snippet":"max-snippet:-1","max-image-preview":"max-image-preview:large","max-video-preview":"max-video-preview:-1"},"canonical":"https:\/\/vanessa.com.tr\/en\/angelo-tv-unitesi\/","og_locale":"en_GB","og_type":"article","og_title":"Angelo Tv \u00dcnitesi - Vanessa Mobilya","og_description":"\u00d6zellik A\u00e7\u0131klama Angelo Tv \u00dcnitesi \u0130\u00e7eri\u011fi; 1 adet alt blok, 1 adet rafl\u0131 blok ve 1 adet arka panodan olu\u015fmaktad\u0131r.","og_url":"https:\/\/vanessa.com.tr\/en\/angelo-tv-unitesi\/","og_site_name":"Vanessa Mobilya","article_modified_time":"2022-07-19T09:00:07+00:00","og_image":[{"width":1200,"height":800,"url":"https:\/\/vanessa.com.tr\/wp-content\/uploads\/2021\/11\/angelo-tv-unit-10.jpg","type":"image\/jpeg"}],"twitter_card":"summary_large_image","twitter_misc":{"Estimated reading time":"1 minute"},"schema":{"@context":"https:\/\/schema.org","@graph":[{"@type":"WebSite","@id":"https:\/\/vanessa.com.tr\/#website","url":"https:\/\/vanessa.com.tr\/","name":"Vanessa Mobilya","description":"- \u0130neg\u00f6l Mobilyas\u0131","potentialAction":[{"@type":"SearchAction","target":{"@type":"EntryPoint","urlTemplate":"https:\/\/vanessa.com.tr\/?s={search_term_string}"},"query-input":"required name=search_term_string"}],"inLanguage":"en-GB"},{"@type":"ImageObject","@id":"https:\/\/vanessa.com.tr\/angelo-tv-unitesi\/#primaryimage","inLanguage":"en-GB","url":"https:\/\/vanessa.com.tr\/wp-content\/uploads\/2021\/11\/angelo-tv-unit-10.jpg","contentUrl":"https:\/\/vanessa.com.tr\/wp-content\/uploads\/2021\/11\/angelo-tv-unit-10.jpg","width":1200,"height":800},{"@type":"WebPage","@id":"https:\/\/vanessa.com.tr\/angelo-tv-unitesi\/#webpage","url":"https:\/\/vanessa.com.tr\/angelo-tv-unitesi\/","name":"Angelo Tv \u00dcnitesi - Vanessa Mobilya","isPartOf":{"@id":"https:\/\/vanessa.com.tr\/#website"},"primaryImageOfPage":{"@id":"https:\/\/vanessa.com.tr\/angelo-tv-unitesi\/#primaryimage"},"datePublished":"2021-11-20T13:49:44+00:00","dateModified":"2022-07-19T09:00:07+00:00","breadcrumb":{"@id":"https:\/\/vanessa.com.tr\/angelo-tv-unitesi\/#breadcrumb"},"inLanguage":"en-GB","potentialAction":[{"@type":"ReadAction","target":["https:\/\/vanessa.com.tr\/angelo-tv-unitesi\/"]}]},{"@type":"BreadcrumbList","@id":"https:\/\/vanessa.com.tr\/angelo-tv-unitesi\/#breadcrumb","itemListElement":[{"@type":"ListItem","position":1,"name":"Ana sayfa","item":"https:\/\/vanessa.com.tr\/"},{"@type":"ListItem","position":2,"name":"Ma\u011faza","item":"https:\/\/vanessa.com.tr\/?page_id=172"},{"@type":"ListItem","position":3,"name":"Angelo Tv \u00dcnitesi"}]}]}},"_links":{"self":[{"href":"https:\/\/vanessa.com.tr\/en\/wp-json\/wp\/v2\/product\/581"}],"collection":[{"href":"https:\/\/vanessa.com.tr\/en\/wp-json\/wp\/v2\/product"}],"about":[{"href":"https:\/\/vanessa.com.tr\/en\/wp-json\/wp\/v2\/types\/product"}],"wp:featuredmedia":[{"embeddable":true,"href":"https:\/\/vanessa.com.tr\/en\/wp-json\/wp\/v2\/media\/4843"}],"wp:attachment":[{"href":"https:\/\/vanessa.com.tr\/en\/wp-json\/wp\/v2\/media?parent=581"}],"wp:term":[{"taxonomy":"product_cat","embeddable":true,"href":"https:\/\/vanessa.com.tr\/en\/wp-json\/wp\/v2\/product_cat?post=581"},{"taxonomy":"product_tag","embeddable":true,"href":"https:\/\/vanessa.com.tr\/en\/wp-json\/wp\/v2\/product_tag?post=581"}],"curies":[{"name":"wp","href":"https:\/\/api.w.org\/{rel}","templated":true}]}}