{"id":363,"date":"2021-11-20T11:42:53","date_gmt":"2021-11-20T08:42:53","guid":{"rendered":"https:\/\/vanessa.com.tr\/matera-koltuk-takimi\/"},"modified":"2021-12-08T10:58:52","modified_gmt":"2021-12-08T07:58:52","slug":"matera-koltuk-takimi","status":"publish","type":"product","link":"https:\/\/vanessa.com.tr\/en\/matera-koltuk-takimi\/","title":{"rendered":"Matera Sofa Set"},"content":{"rendered":"<table class=\"table table-bordered table-hover\">\n<thead>\n<tr>\n<th>Feature<\/th>\n<th>Explanation<\/th>\n<\/tr>\n<\/thead>\n<tbody>\n<tr>\n<td><strong>Matera Sofa Set Content;<\/strong><\/td>\n<td>It consists of 3+2+1.<\/td>\n<\/tr>\n<tr>\n<td><strong>Matera 3-Seat Sofa<\/strong><\/td>\n<td>Wooden prism legs. It has 1st class woven fabric on it. It is designed by a french designer. Hornbeam wood was used in its skeleton. High density sponge and lamin fiber, hr sponge, 7 cm elastic column and G\u00fcterman sewing thread were used.<\/td>\n<\/tr>\n<tr>\n<td><strong>Matera 2-Seat Sofa<\/strong><\/td>\n<td>Wooden prism legs. It has 1st class woven fabric on it. It is designed by a french designer. Hornbeam wood was used in its skeleton. High density sponge and lamin fiber, hr sponge, 7 cm elastic column and G\u00fcterman sewing thread were used.<\/td>\n<\/tr>\n<tr>\n<td><strong>Matera Bergere<\/strong><\/td>\n<td>It consists of wooden legs and arms. 1st class woven fabric is used on it. G\u00fcterman sewing thread is used.<\/td>\n<\/tr>\n<\/tbody>\n<\/table>","protected":false},"excerpt":{"rendered":"<p>\u00d6zellik A\u00e7\u0131klama Matera Koltuk\u00a0 Tak\u0131m\u0131 \u0130\u00e7eri\u011fi; 3+2+1 olarak olu\u015fmaktad\u0131r. Matera 3&#8217;l\u00fc Koltuk Ah\u015fap prizma ayakl\u0131d\u0131r. \u00dczerinde 1. s\u0131n\u0131f dokuma kuma\u015f<\/p>","protected":false},"featured_media":344,"template":"","meta":[],"product_cat":[21],"product_tag":[],"yoast_head":"<!-- This site is optimized with the Yoast SEO Premium plugin v16.0.3 (Yoast SEO v17.7) - https:\/\/yoast.com\/wordpress\/plugins\/seo\/ -->\n<title>Matera Koltuk Tak\u0131m\u0131 - Vanessa Mobilya<\/title>\n<meta name=\"robots\" content=\"index, follow, max-snippet:-1, max-image-preview:large, max-video-preview:-1\" \/>\n<link rel=\"canonical\" href=\"https:\/\/vanessa.com.tr\/en\/matera-koltuk-takimi\/\" \/>\n<meta property=\"og:locale\" content=\"en_GB\" \/>\n<meta property=\"og:type\" content=\"article\" \/>\n<meta property=\"og:title\" content=\"Matera Koltuk Tak\u0131m\u0131 - Vanessa Mobilya\" \/>\n<meta property=\"og:description\" content=\"\u00d6zellik A\u00e7\u0131klama Matera Koltuk\u00a0 Tak\u0131m\u0131 \u0130\u00e7eri\u011fi; 3+2+1 olarak olu\u015fmaktad\u0131r. Matera 3&#8217;l\u00fc Koltuk Ah\u015fap prizma ayakl\u0131d\u0131r. \u00dczerinde 1. s\u0131n\u0131f dokuma kuma\u015f\" \/>\n<meta property=\"og:url\" content=\"https:\/\/vanessa.com.tr\/en\/matera-koltuk-takimi\/\" \/>\n<meta property=\"og:site_name\" content=\"Vanessa Mobilya\" \/>\n<meta property=\"article:modified_time\" content=\"2021-12-08T07:58:52+00:00\" \/>\n<meta property=\"og:image\" content=\"https:\/\/vanessa.com.tr\/wp-content\/uploads\/2021\/11\/urun-matera-koltuk-takimi-01.jpg\" \/>\n\t<meta property=\"og:image:width\" content=\"1800\" \/>\n\t<meta property=\"og:image:height\" content=\"1200\" \/>\n<meta name=\"twitter:card\" content=\"summary_large_image\" \/>\n<meta name=\"twitter:label1\" content=\"Estimated reading time\" \/>\n\t<meta name=\"twitter:data1\" content=\"1 minute\" \/>\n<script type=\"application\/ld+json\" class=\"yoast-schema-graph\">{\"@context\":\"https:\/\/schema.org\",\"@graph\":[{\"@type\":\"WebSite\",\"@id\":\"https:\/\/vanessa.com.tr\/#website\",\"url\":\"https:\/\/vanessa.com.tr\/\",\"name\":\"Vanessa Mobilya\",\"description\":\"- \\u0130neg\\u00f6l Mobilyas\\u0131\",\"potentialAction\":[{\"@type\":\"SearchAction\",\"target\":{\"@type\":\"EntryPoint\",\"urlTemplate\":\"https:\/\/vanessa.com.tr\/?s={search_term_string}\"},\"query-input\":\"required name=search_term_string\"}],\"inLanguage\":\"en-GB\"},{\"@type\":\"ImageObject\",\"@id\":\"https:\/\/vanessa.com.tr\/matera-koltuk-takimi\/#primaryimage\",\"inLanguage\":\"en-GB\",\"url\":\"https:\/\/vanessa.com.tr\/wp-content\/uploads\/2021\/11\/urun-matera-koltuk-takimi-01.jpg\",\"contentUrl\":\"https:\/\/vanessa.com.tr\/wp-content\/uploads\/2021\/11\/urun-matera-koltuk-takimi-01.jpg\",\"width\":1800,\"height\":1200,\"caption\":\"Matera Koltuk Tak\\u0131m\\u0131\"},{\"@type\":\"WebPage\",\"@id\":\"https:\/\/vanessa.com.tr\/matera-koltuk-takimi\/#webpage\",\"url\":\"https:\/\/vanessa.com.tr\/matera-koltuk-takimi\/\",\"name\":\"Matera Koltuk Tak\\u0131m\\u0131 - Vanessa Mobilya\",\"isPartOf\":{\"@id\":\"https:\/\/vanessa.com.tr\/#website\"},\"primaryImageOfPage\":{\"@id\":\"https:\/\/vanessa.com.tr\/matera-koltuk-takimi\/#primaryimage\"},\"datePublished\":\"2021-11-20T08:42:53+00:00\",\"dateModified\":\"2021-12-08T07:58:52+00:00\",\"breadcrumb\":{\"@id\":\"https:\/\/vanessa.com.tr\/matera-koltuk-takimi\/#breadcrumb\"},\"inLanguage\":\"en-GB\",\"potentialAction\":[{\"@type\":\"ReadAction\",\"target\":[\"https:\/\/vanessa.com.tr\/matera-koltuk-takimi\/\"]}]},{\"@type\":\"BreadcrumbList\",\"@id\":\"https:\/\/vanessa.com.tr\/matera-koltuk-takimi\/#breadcrumb\",\"itemListElement\":[{\"@type\":\"ListItem\",\"position\":1,\"name\":\"Ana sayfa\",\"item\":\"https:\/\/vanessa.com.tr\/\"},{\"@type\":\"ListItem\",\"position\":2,\"name\":\"Ma\\u011faza\",\"item\":\"https:\/\/vanessa.com.tr\/?page_id=172\"},{\"@type\":\"ListItem\",\"position\":3,\"name\":\"Matera Koltuk Tak\\u0131m\\u0131\"}]}]}<\/script>\n<!-- \/ Yoast SEO Premium plugin. -->","yoast_head_json":{"title":"Matera Koltuk Tak\u0131m\u0131 - Vanessa Mobilya","robots":{"index":"index","follow":"follow","max-snippet":"max-snippet:-1","max-image-preview":"max-image-preview:large","max-video-preview":"max-video-preview:-1"},"canonical":"https:\/\/vanessa.com.tr\/en\/matera-koltuk-takimi\/","og_locale":"en_GB","og_type":"article","og_title":"Matera Koltuk Tak\u0131m\u0131 - Vanessa Mobilya","og_description":"\u00d6zellik A\u00e7\u0131klama Matera Koltuk\u00a0 Tak\u0131m\u0131 \u0130\u00e7eri\u011fi; 3+2+1 olarak olu\u015fmaktad\u0131r. Matera 3&#8217;l\u00fc Koltuk Ah\u015fap prizma ayakl\u0131d\u0131r. \u00dczerinde 1. s\u0131n\u0131f dokuma kuma\u015f","og_url":"https:\/\/vanessa.com.tr\/en\/matera-koltuk-takimi\/","og_site_name":"Vanessa Mobilya","article_modified_time":"2021-12-08T07:58:52+00:00","og_image":[{"width":1800,"height":1200,"url":"https:\/\/vanessa.com.tr\/wp-content\/uploads\/2021\/11\/urun-matera-koltuk-takimi-01.jpg","type":"image\/jpeg"}],"twitter_card":"summary_large_image","twitter_misc":{"Estimated reading time":"1 minute"},"schema":{"@context":"https:\/\/schema.org","@graph":[{"@type":"WebSite","@id":"https:\/\/vanessa.com.tr\/#website","url":"https:\/\/vanessa.com.tr\/","name":"Vanessa Mobilya","description":"- \u0130neg\u00f6l Mobilyas\u0131","potentialAction":[{"@type":"SearchAction","target":{"@type":"EntryPoint","urlTemplate":"https:\/\/vanessa.com.tr\/?s={search_term_string}"},"query-input":"required name=search_term_string"}],"inLanguage":"en-GB"},{"@type":"ImageObject","@id":"https:\/\/vanessa.com.tr\/matera-koltuk-takimi\/#primaryimage","inLanguage":"en-GB","url":"https:\/\/vanessa.com.tr\/wp-content\/uploads\/2021\/11\/urun-matera-koltuk-takimi-01.jpg","contentUrl":"https:\/\/vanessa.com.tr\/wp-content\/uploads\/2021\/11\/urun-matera-koltuk-takimi-01.jpg","width":1800,"height":1200,"caption":"Matera Koltuk Tak\u0131m\u0131"},{"@type":"WebPage","@id":"https:\/\/vanessa.com.tr\/matera-koltuk-takimi\/#webpage","url":"https:\/\/vanessa.com.tr\/matera-koltuk-takimi\/","name":"Matera Koltuk Tak\u0131m\u0131 - Vanessa Mobilya","isPartOf":{"@id":"https:\/\/vanessa.com.tr\/#website"},"primaryImageOfPage":{"@id":"https:\/\/vanessa.com.tr\/matera-koltuk-takimi\/#primaryimage"},"datePublished":"2021-11-20T08:42:53+00:00","dateModified":"2021-12-08T07:58:52+00:00","breadcrumb":{"@id":"https:\/\/vanessa.com.tr\/matera-koltuk-takimi\/#breadcrumb"},"inLanguage":"en-GB","potentialAction":[{"@type":"ReadAction","target":["https:\/\/vanessa.com.tr\/matera-koltuk-takimi\/"]}]},{"@type":"BreadcrumbList","@id":"https:\/\/vanessa.com.tr\/matera-koltuk-takimi\/#breadcrumb","itemListElement":[{"@type":"ListItem","position":1,"name":"Ana sayfa","item":"https:\/\/vanessa.com.tr\/"},{"@type":"ListItem","position":2,"name":"Ma\u011faza","item":"https:\/\/vanessa.com.tr\/?page_id=172"},{"@type":"ListItem","position":3,"name":"Matera Koltuk Tak\u0131m\u0131"}]}]}},"_links":{"self":[{"href":"https:\/\/vanessa.com.tr\/en\/wp-json\/wp\/v2\/product\/363"}],"collection":[{"href":"https:\/\/vanessa.com.tr\/en\/wp-json\/wp\/v2\/product"}],"about":[{"href":"https:\/\/vanessa.com.tr\/en\/wp-json\/wp\/v2\/types\/product"}],"wp:featuredmedia":[{"embeddable":true,"href":"https:\/\/vanessa.com.tr\/en\/wp-json\/wp\/v2\/media\/344"}],"wp:attachment":[{"href":"https:\/\/vanessa.com.tr\/en\/wp-json\/wp\/v2\/media?parent=363"}],"wp:term":[{"taxonomy":"product_cat","embeddable":true,"href":"https:\/\/vanessa.com.tr\/en\/wp-json\/wp\/v2\/product_cat?post=363"},{"taxonomy":"product_tag","embeddable":true,"href":"https:\/\/vanessa.com.tr\/en\/wp-json\/wp\/v2\/product_tag?post=363"}],"curies":[{"name":"wp","href":"https:\/\/api.w.org\/{rel}","templated":true}]}}