{"id":2103,"date":"2022-03-21T15:04:07","date_gmt":"2022-03-21T12:04:07","guid":{"rendered":"https:\/\/vanessa.com.tr\/?post_type=product&#038;p=2103"},"modified":"2022-03-21T22:59:05","modified_gmt":"2022-03-21T19:59:05","slug":"padova-yemek-odasi","status":"publish","type":"product","link":"https:\/\/vanessa.com.tr\/en\/padova-yemek-odasi\/","title":{"rendered":"Padova Dining Room"},"content":{"rendered":"","protected":false},"excerpt":{"rendered":"","protected":false},"featured_media":2205,"template":"","meta":[],"product_cat":[37],"product_tag":[],"yoast_head":"<!-- This site is optimized with the Yoast SEO Premium plugin v16.0.3 (Yoast SEO v17.7) - https:\/\/yoast.com\/wordpress\/plugins\/seo\/ -->\n<title>Padova Yemek Odas\u0131 - Vanessa Mobilya<\/title>\n<meta name=\"robots\" content=\"index, follow, max-snippet:-1, max-image-preview:large, max-video-preview:-1\" \/>\n<link rel=\"canonical\" href=\"https:\/\/vanessa.com.tr\/en\/padova-yemek-odasi\/\" \/>\n<meta property=\"og:locale\" content=\"en_GB\" \/>\n<meta property=\"og:type\" content=\"article\" \/>\n<meta property=\"og:title\" content=\"Padova Yemek Odas\u0131 - Vanessa Mobilya\" \/>\n<meta property=\"og:url\" content=\"https:\/\/vanessa.com.tr\/en\/padova-yemek-odasi\/\" \/>\n<meta property=\"og:site_name\" content=\"Vanessa Mobilya\" \/>\n<meta property=\"article:modified_time\" content=\"2022-03-21T19:59:05+00:00\" \/>\n<meta property=\"og:image\" content=\"https:\/\/vanessa.com.tr\/wp-content\/uploads\/2022\/03\/padova25672-scaled.jpg\" \/>\n\t<meta property=\"og:image:width\" content=\"2560\" \/>\n\t<meta property=\"og:image:height\" content=\"1717\" \/>\n<meta name=\"twitter:card\" content=\"summary_large_image\" \/>\n<script type=\"application\/ld+json\" class=\"yoast-schema-graph\">{\"@context\":\"https:\/\/schema.org\",\"@graph\":[{\"@type\":\"WebSite\",\"@id\":\"https:\/\/vanessa.com.tr\/#website\",\"url\":\"https:\/\/vanessa.com.tr\/\",\"name\":\"Vanessa Mobilya\",\"description\":\"- \\u0130neg\\u00f6l Mobilyas\\u0131\",\"potentialAction\":[{\"@type\":\"SearchAction\",\"target\":{\"@type\":\"EntryPoint\",\"urlTemplate\":\"https:\/\/vanessa.com.tr\/?s={search_term_string}\"},\"query-input\":\"required name=search_term_string\"}],\"inLanguage\":\"en-GB\"},{\"@type\":\"ImageObject\",\"@id\":\"https:\/\/vanessa.com.tr\/padova-yemek-odasi\/#primaryimage\",\"inLanguage\":\"en-GB\",\"url\":\"https:\/\/vanessa.com.tr\/wp-content\/uploads\/2022\/03\/padova25672-scaled.jpg\",\"contentUrl\":\"https:\/\/vanessa.com.tr\/wp-content\/uploads\/2022\/03\/padova25672-scaled.jpg\",\"width\":2560,\"height\":1717,\"caption\":\"Padova Yemek Odas\\u0131\"},{\"@type\":\"WebPage\",\"@id\":\"https:\/\/vanessa.com.tr\/padova-yemek-odasi\/#webpage\",\"url\":\"https:\/\/vanessa.com.tr\/padova-yemek-odasi\/\",\"name\":\"Padova Yemek Odas\\u0131 - Vanessa Mobilya\",\"isPartOf\":{\"@id\":\"https:\/\/vanessa.com.tr\/#website\"},\"primaryImageOfPage\":{\"@id\":\"https:\/\/vanessa.com.tr\/padova-yemek-odasi\/#primaryimage\"},\"datePublished\":\"2022-03-21T12:04:07+00:00\",\"dateModified\":\"2022-03-21T19:59:05+00:00\",\"breadcrumb\":{\"@id\":\"https:\/\/vanessa.com.tr\/padova-yemek-odasi\/#breadcrumb\"},\"inLanguage\":\"en-GB\",\"potentialAction\":[{\"@type\":\"ReadAction\",\"target\":[\"https:\/\/vanessa.com.tr\/padova-yemek-odasi\/\"]}]},{\"@type\":\"BreadcrumbList\",\"@id\":\"https:\/\/vanessa.com.tr\/padova-yemek-odasi\/#breadcrumb\",\"itemListElement\":[{\"@type\":\"ListItem\",\"position\":1,\"name\":\"Ana sayfa\",\"item\":\"https:\/\/vanessa.com.tr\/\"},{\"@type\":\"ListItem\",\"position\":2,\"name\":\"Ma\\u011faza\",\"item\":\"https:\/\/vanessa.com.tr\/?page_id=172\"},{\"@type\":\"ListItem\",\"position\":3,\"name\":\"Padova Yemek Odas\\u0131\"}]}]}<\/script>\n<!-- \/ Yoast SEO Premium plugin. -->","yoast_head_json":{"title":"Padova Yemek Odas\u0131 - Vanessa Mobilya","robots":{"index":"index","follow":"follow","max-snippet":"max-snippet:-1","max-image-preview":"max-image-preview:large","max-video-preview":"max-video-preview:-1"},"canonical":"https:\/\/vanessa.com.tr\/en\/padova-yemek-odasi\/","og_locale":"en_GB","og_type":"article","og_title":"Padova Yemek Odas\u0131 - Vanessa Mobilya","og_url":"https:\/\/vanessa.com.tr\/en\/padova-yemek-odasi\/","og_site_name":"Vanessa Mobilya","article_modified_time":"2022-03-21T19:59:05+00:00","og_image":[{"width":2560,"height":1717,"url":"https:\/\/vanessa.com.tr\/wp-content\/uploads\/2022\/03\/padova25672-scaled.jpg","type":"image\/jpeg"}],"twitter_card":"summary_large_image","schema":{"@context":"https:\/\/schema.org","@graph":[{"@type":"WebSite","@id":"https:\/\/vanessa.com.tr\/#website","url":"https:\/\/vanessa.com.tr\/","name":"Vanessa Mobilya","description":"- \u0130neg\u00f6l Mobilyas\u0131","potentialAction":[{"@type":"SearchAction","target":{"@type":"EntryPoint","urlTemplate":"https:\/\/vanessa.com.tr\/?s={search_term_string}"},"query-input":"required name=search_term_string"}],"inLanguage":"en-GB"},{"@type":"ImageObject","@id":"https:\/\/vanessa.com.tr\/padova-yemek-odasi\/#primaryimage","inLanguage":"en-GB","url":"https:\/\/vanessa.com.tr\/wp-content\/uploads\/2022\/03\/padova25672-scaled.jpg","contentUrl":"https:\/\/vanessa.com.tr\/wp-content\/uploads\/2022\/03\/padova25672-scaled.jpg","width":2560,"height":1717,"caption":"Padova Yemek Odas\u0131"},{"@type":"WebPage","@id":"https:\/\/vanessa.com.tr\/padova-yemek-odasi\/#webpage","url":"https:\/\/vanessa.com.tr\/padova-yemek-odasi\/","name":"Padova Yemek Odas\u0131 - Vanessa Mobilya","isPartOf":{"@id":"https:\/\/vanessa.com.tr\/#website"},"primaryImageOfPage":{"@id":"https:\/\/vanessa.com.tr\/padova-yemek-odasi\/#primaryimage"},"datePublished":"2022-03-21T12:04:07+00:00","dateModified":"2022-03-21T19:59:05+00:00","breadcrumb":{"@id":"https:\/\/vanessa.com.tr\/padova-yemek-odasi\/#breadcrumb"},"inLanguage":"en-GB","potentialAction":[{"@type":"ReadAction","target":["https:\/\/vanessa.com.tr\/padova-yemek-odasi\/"]}]},{"@type":"BreadcrumbList","@id":"https:\/\/vanessa.com.tr\/padova-yemek-odasi\/#breadcrumb","itemListElement":[{"@type":"ListItem","position":1,"name":"Ana sayfa","item":"https:\/\/vanessa.com.tr\/"},{"@type":"ListItem","position":2,"name":"Ma\u011faza","item":"https:\/\/vanessa.com.tr\/?page_id=172"},{"@type":"ListItem","position":3,"name":"Padova Yemek Odas\u0131"}]}]}},"_links":{"self":[{"href":"https:\/\/vanessa.com.tr\/en\/wp-json\/wp\/v2\/product\/2103"}],"collection":[{"href":"https:\/\/vanessa.com.tr\/en\/wp-json\/wp\/v2\/product"}],"about":[{"href":"https:\/\/vanessa.com.tr\/en\/wp-json\/wp\/v2\/types\/product"}],"wp:featuredmedia":[{"embeddable":true,"href":"https:\/\/vanessa.com.tr\/en\/wp-json\/wp\/v2\/media\/2205"}],"wp:attachment":[{"href":"https:\/\/vanessa.com.tr\/en\/wp-json\/wp\/v2\/media?parent=2103"}],"wp:term":[{"taxonomy":"product_cat","embeddable":true,"href":"https:\/\/vanessa.com.tr\/en\/wp-json\/wp\/v2\/product_cat?post=2103"},{"taxonomy":"product_tag","embeddable":true,"href":"https:\/\/vanessa.com.tr\/en\/wp-json\/wp\/v2\/product_tag?post=2103"}],"curies":[{"name":"wp","href":"https:\/\/api.w.org\/{rel}","templated":true}]}}