{"id":10350,"date":"2023-03-07T22:04:00","date_gmt":"2023-03-07T19:04:00","guid":{"rendered":"https:\/\/vanessa.com.tr\/?post_type=product&#038;p=10350"},"modified":"2023-03-07T22:04:01","modified_gmt":"2023-03-07T19:04:01","slug":"vega-yemek-odasi","status":"publish","type":"product","link":"https:\/\/vanessa.com.tr\/en\/vega-yemek-odasi\/","title":{"rendered":"Vega Yemek Odas\u0131"},"content":{"rendered":"","protected":false},"excerpt":{"rendered":"","protected":false},"featured_media":10353,"template":"","meta":[],"product_cat":[37],"product_tag":[],"yoast_head":"<!-- This site is optimized with the Yoast SEO Premium plugin v16.0.3 (Yoast SEO v17.7) - https:\/\/yoast.com\/wordpress\/plugins\/seo\/ -->\n<title>Vega Yemek Odas\u0131 - Vanessa Mobilya<\/title>\n<meta name=\"robots\" content=\"index, follow, max-snippet:-1, max-image-preview:large, max-video-preview:-1\" \/>\n<link rel=\"canonical\" href=\"https:\/\/vanessa.com.tr\/en\/vega-yemek-odasi\/\" \/>\n<meta property=\"og:locale\" content=\"en_GB\" \/>\n<meta property=\"og:type\" content=\"article\" \/>\n<meta property=\"og:title\" content=\"Vega Yemek Odas\u0131 - Vanessa Mobilya\" \/>\n<meta property=\"og:url\" content=\"https:\/\/vanessa.com.tr\/en\/vega-yemek-odasi\/\" \/>\n<meta property=\"og:site_name\" content=\"Vanessa Mobilya\" \/>\n<meta property=\"article:modified_time\" content=\"2023-03-07T19:04:01+00:00\" \/>\n<meta property=\"og:image\" content=\"https:\/\/vanessa.com.tr\/wp-content\/uploads\/2023\/03\/vega-yemek-odasi-takimi-15.jpg\" \/>\n\t<meta property=\"og:image:width\" content=\"1800\" \/>\n\t<meta property=\"og:image:height\" content=\"1200\" \/>\n<meta name=\"twitter:card\" content=\"summary_large_image\" \/>\n<script type=\"application\/ld+json\" class=\"yoast-schema-graph\">{\"@context\":\"https:\/\/schema.org\",\"@graph\":[{\"@type\":\"WebSite\",\"@id\":\"https:\/\/vanessa.com.tr\/#website\",\"url\":\"https:\/\/vanessa.com.tr\/\",\"name\":\"Vanessa Mobilya\",\"description\":\"- \\u0130neg\\u00f6l Mobilyas\\u0131\",\"potentialAction\":[{\"@type\":\"SearchAction\",\"target\":{\"@type\":\"EntryPoint\",\"urlTemplate\":\"https:\/\/vanessa.com.tr\/?s={search_term_string}\"},\"query-input\":\"required name=search_term_string\"}],\"inLanguage\":\"en-GB\"},{\"@type\":\"ImageObject\",\"@id\":\"https:\/\/vanessa.com.tr\/vega-yemek-odasi\/#primaryimage\",\"inLanguage\":\"en-GB\",\"url\":\"https:\/\/vanessa.com.tr\/wp-content\/uploads\/2023\/03\/vega-yemek-odasi-takimi-15.jpg\",\"contentUrl\":\"https:\/\/vanessa.com.tr\/wp-content\/uploads\/2023\/03\/vega-yemek-odasi-takimi-15.jpg\",\"width\":1800,\"height\":1200},{\"@type\":\"WebPage\",\"@id\":\"https:\/\/vanessa.com.tr\/vega-yemek-odasi\/#webpage\",\"url\":\"https:\/\/vanessa.com.tr\/vega-yemek-odasi\/\",\"name\":\"Vega Yemek Odas\\u0131 - Vanessa Mobilya\",\"isPartOf\":{\"@id\":\"https:\/\/vanessa.com.tr\/#website\"},\"primaryImageOfPage\":{\"@id\":\"https:\/\/vanessa.com.tr\/vega-yemek-odasi\/#primaryimage\"},\"datePublished\":\"2023-03-07T19:04:00+00:00\",\"dateModified\":\"2023-03-07T19:04:01+00:00\",\"breadcrumb\":{\"@id\":\"https:\/\/vanessa.com.tr\/vega-yemek-odasi\/#breadcrumb\"},\"inLanguage\":\"en-GB\",\"potentialAction\":[{\"@type\":\"ReadAction\",\"target\":[\"https:\/\/vanessa.com.tr\/vega-yemek-odasi\/\"]}]},{\"@type\":\"BreadcrumbList\",\"@id\":\"https:\/\/vanessa.com.tr\/vega-yemek-odasi\/#breadcrumb\",\"itemListElement\":[{\"@type\":\"ListItem\",\"position\":1,\"name\":\"Ana sayfa\",\"item\":\"https:\/\/vanessa.com.tr\/\"},{\"@type\":\"ListItem\",\"position\":2,\"name\":\"Ma\\u011faza\",\"item\":\"https:\/\/vanessa.com.tr\/?page_id=172\"},{\"@type\":\"ListItem\",\"position\":3,\"name\":\"Vega Yemek Odas\\u0131\"}]}]}<\/script>\n<!-- \/ Yoast SEO Premium plugin. -->","yoast_head_json":{"title":"Vega Yemek Odas\u0131 - Vanessa Mobilya","robots":{"index":"index","follow":"follow","max-snippet":"max-snippet:-1","max-image-preview":"max-image-preview:large","max-video-preview":"max-video-preview:-1"},"canonical":"https:\/\/vanessa.com.tr\/en\/vega-yemek-odasi\/","og_locale":"en_GB","og_type":"article","og_title":"Vega Yemek Odas\u0131 - Vanessa Mobilya","og_url":"https:\/\/vanessa.com.tr\/en\/vega-yemek-odasi\/","og_site_name":"Vanessa Mobilya","article_modified_time":"2023-03-07T19:04:01+00:00","og_image":[{"width":1800,"height":1200,"url":"https:\/\/vanessa.com.tr\/wp-content\/uploads\/2023\/03\/vega-yemek-odasi-takimi-15.jpg","type":"image\/jpeg"}],"twitter_card":"summary_large_image","schema":{"@context":"https:\/\/schema.org","@graph":[{"@type":"WebSite","@id":"https:\/\/vanessa.com.tr\/#website","url":"https:\/\/vanessa.com.tr\/","name":"Vanessa Mobilya","description":"- \u0130neg\u00f6l Mobilyas\u0131","potentialAction":[{"@type":"SearchAction","target":{"@type":"EntryPoint","urlTemplate":"https:\/\/vanessa.com.tr\/?s={search_term_string}"},"query-input":"required name=search_term_string"}],"inLanguage":"en-GB"},{"@type":"ImageObject","@id":"https:\/\/vanessa.com.tr\/vega-yemek-odasi\/#primaryimage","inLanguage":"en-GB","url":"https:\/\/vanessa.com.tr\/wp-content\/uploads\/2023\/03\/vega-yemek-odasi-takimi-15.jpg","contentUrl":"https:\/\/vanessa.com.tr\/wp-content\/uploads\/2023\/03\/vega-yemek-odasi-takimi-15.jpg","width":1800,"height":1200},{"@type":"WebPage","@id":"https:\/\/vanessa.com.tr\/vega-yemek-odasi\/#webpage","url":"https:\/\/vanessa.com.tr\/vega-yemek-odasi\/","name":"Vega Yemek Odas\u0131 - Vanessa Mobilya","isPartOf":{"@id":"https:\/\/vanessa.com.tr\/#website"},"primaryImageOfPage":{"@id":"https:\/\/vanessa.com.tr\/vega-yemek-odasi\/#primaryimage"},"datePublished":"2023-03-07T19:04:00+00:00","dateModified":"2023-03-07T19:04:01+00:00","breadcrumb":{"@id":"https:\/\/vanessa.com.tr\/vega-yemek-odasi\/#breadcrumb"},"inLanguage":"en-GB","potentialAction":[{"@type":"ReadAction","target":["https:\/\/vanessa.com.tr\/vega-yemek-odasi\/"]}]},{"@type":"BreadcrumbList","@id":"https:\/\/vanessa.com.tr\/vega-yemek-odasi\/#breadcrumb","itemListElement":[{"@type":"ListItem","position":1,"name":"Ana sayfa","item":"https:\/\/vanessa.com.tr\/"},{"@type":"ListItem","position":2,"name":"Ma\u011faza","item":"https:\/\/vanessa.com.tr\/?page_id=172"},{"@type":"ListItem","position":3,"name":"Vega Yemek Odas\u0131"}]}]}},"_links":{"self":[{"href":"https:\/\/vanessa.com.tr\/en\/wp-json\/wp\/v2\/product\/10350"}],"collection":[{"href":"https:\/\/vanessa.com.tr\/en\/wp-json\/wp\/v2\/product"}],"about":[{"href":"https:\/\/vanessa.com.tr\/en\/wp-json\/wp\/v2\/types\/product"}],"wp:featuredmedia":[{"embeddable":true,"href":"https:\/\/vanessa.com.tr\/en\/wp-json\/wp\/v2\/media\/10353"}],"wp:attachment":[{"href":"https:\/\/vanessa.com.tr\/en\/wp-json\/wp\/v2\/media?parent=10350"}],"wp:term":[{"taxonomy":"product_cat","embeddable":true,"href":"https:\/\/vanessa.com.tr\/en\/wp-json\/wp\/v2\/product_cat?post=10350"},{"taxonomy":"product_tag","embeddable":true,"href":"https:\/\/vanessa.com.tr\/en\/wp-json\/wp\/v2\/product_tag?post=10350"}],"curies":[{"name":"wp","href":"https:\/\/api.w.org\/{rel}","templated":true}]}}