{"id":822,"date":"2021-11-23T12:06:49","date_gmt":"2021-11-23T09:06:49","guid":{"rendered":"https:\/\/vanessa.com.tr\/?page_id=822"},"modified":"2022-07-23T13:00:14","modified_gmt":"2022-07-23T10:00:14","slug":"kvkk-aydinlatma-metni","status":"publish","type":"page","link":"https:\/\/vanessa.com.tr\/en\/kvkk-aydinlatma-metni\/","title":{"rendered":"KVKK Privacy"},"content":{"rendered":"<div class=\"vc_row wpb_row vc_row-fluid\"><div class=\"wpb_column vc_column_container vc_col-sm-12\"><div class=\"vc_column-inner\"><div class=\"wpb_wrapper\">\n\t<div class=\"wpb_text_column wpb_content_element\" >\n\t\t<div class=\"wpb_wrapper\">\n\t\t\t<p><strong>\u00a0<\/strong><\/p>\n<p><strong>K\u0130\u015e\u0130SEL VER\u0130LER\u0130N \u0130\u015eLENMES\u0130 AYDINLATMA METN\u0130<\/strong><\/p>\n<p>Ki\u015fisel verilerin i\u015flenmesinde ba\u015fta \u00f6zel hayat\u0131n gizlili\u011fi olmak \u00fczere ki\u015filerin temel hak ve \u00f6zg\u00fcrl\u00fcklerini korumak ve ki\u015fisel verileri i\u015fleyen ger\u00e7ek ve t\u00fczel ki\u015filerin y\u00fck\u00fcml\u00fcl\u00fckleri belirlemek amac\u0131yla 7 Nisan 2016 tarihli ve 29677 Say\u0131l\u0131 Resm\u00ee Gazete\u2019de yay\u0131mlanan 6698 say\u0131l\u0131 Ki\u015fisel Verilerin Korunmas\u0131 Kanunu (\u201cKVKK\u201d) hususunda Karmen Oturma Gruplar\u0131 Dekorasyon Mobilya Tekstil \u0130n\u015f.San.ve Tic.Ltd.\u015eti.olarak Veri Sorumlusu s\u0131fat\u0131yla Kanun\u2019un \u201cVeri Sorumlusunun Ayd\u0131nlatma Y\u00fck\u00fcml\u00fcl\u00fc\u011f\u00fc\u201d ba\u015fl\u0131kl\u0131 10. maddesi uyar\u0131nca sizleri bilgilendirmek isteriz.<\/p>\n<p><strong>VER\u0130 SORUMLUSU ve TEMS\u0130LC\u0130S\u0130 <\/strong><\/p>\n<p>Karmen Oturma Gruplar\u0131 Dekorasyon Mobilya Tekstil \u0130n\u015f.San.ve Tic.Ltd.\u015eti. olarak, veri sorumlusu s\u0131fat\u0131yla, ki\u015fisel verilerinizi a\u015fa\u011f\u0131da a\u00e7\u0131klanan ama\u00e7lar kapsam\u0131nda; hukuka ve d\u00fcr\u00fcstl\u00fck kurallar\u0131na uygun bir \u015fekilde i\u015fleyebilecek, kaydedebilecek, saklayabilecek, s\u0131n\u0131fland\u0131rabilecek, g\u00fcncelleyebilecek ve mevzuat\u0131n izin verdi\u011fi hallerde ve\/veya i\u015flendikleri ama\u00e7la s\u0131n\u0131rl\u0131 olarak 3. ki\u015filere a\u00e7\u0131klayabilecek\/aktarabilece\u011fiz.<\/p>\n<p><strong>K\u0130\u015e\u0130SEL VER\u0130LER\u0130N \u0130\u015eLENME AMACI<\/strong><\/p>\n<p>Ki\u015fisel verileriniz, Karmen Oturma Gruplar\u0131 Dekorasyon Mobilya Tekstil \u0130n\u015f.San.ve Tic.Ltd.\u015eti.olarak sundu\u011fumuz hizmetlerden yararlanabilmeniz amac\u0131yla KVKK ve ilgili mevzuatta d\u00fczenlenen temel prensiplere uygun olarak, a\u00e7\u0131k r\u0131zan\u0131za ve\/veya tabi oldu\u011fumuz yasal mevzuat ba\u015fta olmak \u00fczere KVKK md. 5\/2\u2019de \u00f6ng\u00f6r\u00fclen di\u011fer hallere ba\u011fl\u0131 olarak i\u015flenmektedir. Karmen Oturma Gruplar\u0131 Dekorasyon Mobilya Tekstil \u0130n\u015f.San.ve Tic.Ltd.\u015eti.\u2019nin verdi\u011fi hizmetler dikkate al\u0131nd\u0131\u011f\u0131nda, ki\u015fisel verileriniz; sundu\u011fumuz bu hizmetlerden sizleri faydaland\u0131rabilmek i\u00e7in:<\/p>\n<ul>\n<li>\u015eirketimiz taraf\u0131ndan y\u00fcr\u00fct\u00fclen ticari faaliyet gereklerinin yerine getirilmesi, ve hizmetin ifas\u0131 ile \u015firketimiz taraf\u0131ndan sunulan \u00fcr\u00fcn ve hizmetlerden ilgili ki\u015fileri faydalanmas\u0131n\u0131 sa\u011flamak,<\/li>\n<li>\u015eirketimizin ilgili i\u015f birimleri taraf\u0131ndan gerekli \u00e7al\u0131\u015fmalar\u0131n yap\u0131lmas\u0131 ve buna ba\u011fl\u0131 i\u015f s\u00fcre\u00e7lerinin y\u00fcr\u00fct\u00fclmesi ve raporlar\u0131n yap\u0131lmas\u0131,<\/li>\n<li>\u015eirketimizin ticari, operasyonel ve i\u015f stratejilerinin belirlenmesi ve uygulanmas\u0131,<\/li>\n<li>\u015eirketimiz ve\/veya tedarik\u00e7ilerimiz taraf\u0131ndan sunulan \u00fcr\u00fcn ve hizmetler ile \u015firketimizle i\u015f ili\u015fkisi i\u00e7erisinde olan \u00fc\u00e7\u00fcnc\u00fc ki\u015filerin hukuki ve ticari g\u00fcvenli\u011finin temini, hukuksal s\u00fcre\u00e7lerin takibi ve mevzuattan do\u011fan haklar\u0131n tesisi, kullan\u0131lmas\u0131 ve korunmas\u0131,<\/li>\n<li>\u015eirket faaliyetlerimizin, \u015firket prosed\u00fcrleri veya ilgili mevzuata uygun olarak y\u00fcr\u00fct\u00fclmesinin temini,<\/li>\n<li>Kurumsal s\u00fcrd\u00fcr\u00fclebilirlik, kurumsal y\u00f6netim, stratejik planlama ve bilgi g\u00fcvenli\u011fi s\u00fcre\u00e7lerinin planlanmas\u0131, denetimi ve icras\u0131; i\u015f s\u00fcreklili\u011fin sa\u011flanmas\u0131,<\/li>\n<li>\u0130htiyaca g\u00f6re farkl\u0131l\u0131klar arz eden sekt\u00f6rlerdeki i\u015f ortaklar\u0131m\u0131z ile y\u00fcr\u00fct\u00fclen i\u015flerin icras\u0131 ve ili\u015fkilerin y\u00f6netimi,<\/li>\n<li>Kamu Kurum ve b\u00fct\u00fcn otoritelerce \u00f6ng\u00f6r\u00fclen bilgi payla\u015f\u0131m\u0131, raporlama, bilgilendirme y\u00fck\u00fcml\u00fcl\u00fcklerinin yerine getirilmesi,<\/li>\n<li>Yasal mevzuattan kaynaklanan bilgi ve belge saklama y\u00fck\u00fcml\u00fcl\u00fcklerinin yerine getirilmesi,<\/li>\n<li>\u015eirketimizce ihtiya\u00e7 duyulan planlama ve istatistik faaliyetlerinin y\u00fcr\u00fct\u00fclmesi,<\/li>\n<li>\u015eirketimizin ticari ve i\u015f stratejilerinin belirlenmesi ve uygulanmas\u0131,<\/li>\n<li>Finans, ileti\u015fim, pazar ara\u015ft\u0131rmas\u0131 ve sat\u0131n alma operasyonlar\u0131m\u0131z\u0131n y\u00fcr\u00fct\u00fclmesi,<\/li>\n<li>\u015eirket i\u00e7i sistem ve uygulama y\u00f6netimi operasyonlar\u0131n\u0131n s\u00fcrd\u00fcr\u00fclmesi,<\/li>\n<li>Hukuki s\u00fcre\u00e7lerimizin y\u00f6netilmesi, taraf\u0131n\u0131za kesintisiz olarak daha iyi ve g\u00fcvenilir hizmet verilebilmesi ama\u00e7lar\u0131yla 6698 say\u0131l\u0131 Kanun\u2019un 5. ve 6. maddelerinde belirtilen ki\u015fisel veri i\u015fleme \u015fartlar\u0131 ve ama\u00e7lar\u0131 dahilinde i\u015flenecektir.<\/li>\n<\/ul>\n<p>&nbsp;<\/p>\n<p>Ki\u015fisel verileriniz yukar\u0131da belirtilenlerin yan\u0131 s\u0131ra sizlere \u00f6zel her t\u00fcrl\u00fc \u00fcr\u00fcn ve hizmetlerin sunulabilmesi i\u00e7in bu konuda ald\u0131\u011f\u0131n\u0131z\/alaca\u011f\u0131n\u0131z \u00fcr\u00fcn ve hizmete ili\u015fkin olarak siz de\u011ferli m\u00fc\u015fterimizle ileti\u015fim kurulabilmesi, ayr\u0131ca izin vermi\u015f olman\u0131z durumunda tan\u0131t\u0131m, \u00fcr\u00fcn\/hizmet teklifi, pazarlama ve kampanya faaliyetlerinde kullan\u0131labilmesi ile taraf\u0131n\u0131za uygun hizmetler ve \u00fcr\u00fcnler geli\u015ftirilmesi, m\u00fc\u015fteri memnuniyeti \u00e7al\u0131\u015fmalar\u0131 yap\u0131lmas\u0131, \u015firketimizin mevcut veya yeni \u00fcr\u00fcn \u00e7al\u0131\u015fmalar\u0131 ve pazar ara\u015ft\u0131rmas\u0131 ve hedef m\u00fc\u015fteri grubu tespiti vb. i\u00e7in i\u015flenebilmektedir.<\/p>\n<p>\u0130\u015flenme amac\u0131na uygun bir \u015fekilde uygun s\u00fcre zarf\u0131ndan fiziksel ve elektronik ortamda g\u00fcvenli bir bi\u00e7imde saklanmaktad\u0131r. Bu vesileyle Karmen Oturma Gruplar\u0131 Dekorasyon Mobilya Tekstil \u0130n\u015f.San.ve Tic.Ltd.\u015eti.ba\u015fta KVKK olmak \u00fczere t\u00fcm yasal mevzuatta \u00f6ng\u00f6r\u00fclen y\u00fck\u00fcml\u00fcl\u00fcklerine uygun davranmaktad\u0131r.<\/p>\n<p><strong>K\u0130\u015e\u0130SEL VER\u0130LER\u0130N TOPLANMA Y\u00d6NTEM\u0130 VE HUKUK\u0130 SEBEP\u00a0\u00a0\u00a0\u00a0\u00a0\u00a0\u00a0\u00a0\u00a0\u00a0\u00a0\u00a0 <\/strong><\/p>\n<p><strong><span style=\"text-decoration: line-through;\">\u00a0<\/span><\/strong><\/p>\n<p>Ki\u015fisel verileriniz \u015eirketimiz taraf\u0131ndan yukar\u0131da s\u0131ralanan ama\u00e7lar kapsam\u0131nda ve her t\u00fcrl\u00fc s\u00f6zl\u00fc, yaz\u0131l\u0131 ya da elektronik ortamda (fiziki ortamda belge, s\u00f6zle\u015fmeler ve matbu formlar; elektronik ortamda ise kurumsal web sitesi, e-posta,SMS, \u015firket i\u00e7i yaz\u0131l\u0131m, \u015fikayet y\u00f6netim sistemleri, g\u00f6r\u00fcnt\u00fc ve ses kay\u0131t sistemleri \u00fczerinden) toplanacakt\u0131r.<\/p>\n<p>Toplanan ki\u015fisel verileriniz 6698 say\u0131l\u0131 Kanun\u2019un 4. , 5. ve 6. maddelerinde belirtilen ki\u015fisel veri i\u015fleme ilkeleri ve \u015fartlar\u0131 ile i\u015fbu Ayd\u0131nlatma Metninde belirtilen ama\u00e7lar kapsam\u0131nda toplanabilmekte, i\u015flenebilmekte ve 6698 say\u0131l\u0131 Kanun\u2019un 8. Ve 9. Maddeleri kapsam\u0131nda aktar\u0131labilmektedir.<\/p>\n<p><strong>\u0130\u015eLENEN K\u0130\u015e\u0130SEL VER\u0130LER\u0130N AKTARILDI\u011eI TARAFLAR VE AKTARIM AMACI<\/strong><\/p>\n<p><strong>\u00a0<\/strong><\/p>\n<p>Yukardaki ama\u00e7lar kapsam\u0131nda i\u015flenen ki\u015fisel verileriniz ;\u00a0 yurti\u00e7inde bulunan denetleyici ve d\u00fczenleyici makamlar, ilgili kamu kurulu\u015flar\u0131, i\u015f kanunu, ilgili di\u011fer mevzuat h\u00fck\u00fcmlerinin\u00a0 izin verdi\u011fi ki\u015fi ve kurulu\u015flara, hukuki yetkisi dahilinde talep etti\u011fi ama\u00e7la s\u0131n\u0131rl\u0131 olarak, hukuken yetkili kamu ve \u00f6zel hukuk t\u00fczel ki\u015filerine, yurt i\u00e7i veya yurt d\u0131\u015f\u0131nda hizmet verdi\u011fimiz firmalara, \u015firketimiz dan\u0131\u015fmanlar\u0131na, denet\u00e7ilerimize ve hizmet sa\u011flay\u0131c\u0131lar\u0131m\u0131za 6698 say\u0131l\u0131 Kanun\u2019un 8. ve 9. Maddelerinde belirtilen ki\u015fisel veri i\u015fleme \u015fartlar\u0131 ve ama\u00e7lar\u0131 \u00e7er\u00e7evesinde aktar\u0131labilecektir.<\/p>\n<p>Karmen Oturma Gruplar\u0131 Dekorasyon Mobilya Tekstil \u0130n\u015f.San.ve Tic.Ltd.\u015eti.nin m\u00fc\u015fterileri ile ger\u00e7ekle\u015ftirdi\u011fi i\u015flemlere ili\u015fkin kay\u0131t ve belgeleri yasal d\u00fczenlemeler kapsam\u0131nda belirli bir s\u00fcre ile saklamas\u0131 s\u00f6z konusu olup; ki\u015fisel verilerinizin silinmesini veya yok edilmesini ya da anonimle\u015ftirilmesini istemeniz halinde bu talebiniz Karmen Oturma Gruplar\u0131 Dekorasyon Mobilya Tekstil \u0130n\u015f.San.ve Tic.Ltd.\u015eti.taraf\u0131ndan yasal d\u00fczenlemeler ile belirlenen s\u00fcre sonunda yerine getirilebilecek; ancak bu s\u00fcre zarf\u0131nda ki\u015fisel verileriniz Karmen Oturma Gruplar\u0131 Dekorasyon Mobilya Tekstil \u0130n\u015f.San.ve Tic.Ltd.\u015eti. taraf\u0131ndan i\u015flenmeyecek, ulusal ve uluslararas\u0131 yasal, d\u00fczenleme ve s\u00f6zle\u015fmelerden kaynakl\u0131 zorunluluklar haricinde 3. ki\u015filer ile payla\u015f\u0131lmayacakt\u0131r.<\/p>\n<p><strong>\u00a0<\/strong><\/p>\n<p><strong>K\u0130\u015e\u0130SEL VER\u0130S\u0130 \u0130\u015eLENEN \u0130LG\u0130L\u0130 K\u0130\u015e\u0130N\u0130N HAKLARI <\/strong><\/p>\n<p>\u0130\u015fbu S\u00f6zle\u015fme\u2019nin taraf\u0131n\u0131n ger\u00e7ek ki\u015fi olmas\u0131 halinde M\u00fc\u015fteri, t\u00fczel ki\u015fi olmas\u0131 halinde ise M\u00fc\u015fteri\u2019nin yetkilileri, ki\u015fisel verilerine ili\u015fkin olarak, 6698 Say\u0131l\u0131 Kanun\u2019un 11. maddesindeki d\u00fczenlemeye g\u00f6re, Karmen Oturma Gruplar\u0131 Dekorasyon Mobilya Tekstil \u0130n\u015f.San.ve Tic.Ltd.\u015eti. \u2018ne ba\u015fvurarak a\u015fa\u011f\u0131daki haklar\u0131n\u0131 kullanabilir:<\/p>\n<ul>\n<li>Ki\u015fisel veri i\u015flenip i\u015flenmedi\u011fini \u00f6\u011frenme,<\/li>\n<li>Ki\u015fisel verileri i\u015flenmi\u015fse buna ili\u015fkin bilgi talep etme,<\/li>\n<li>Ki\u015fisel verilerin i\u015flenme amac\u0131n\u0131 ve bunlar\u0131n amac\u0131na uygun kullan\u0131l\u0131p kullan\u0131lmad\u0131\u011f\u0131n\u0131 \u00f6\u011frenme,<\/li>\n<li>Yurt i\u00e7inde veya yurt d\u0131\u015f\u0131nda ki\u015fisel verilerin aktar\u0131ld\u0131\u011f\u0131 \u00fc\u00e7\u00fcnc\u00fc ki\u015fileri bilme,<\/li>\n<li>Ki\u015fisel verilerin eksik veya yanl\u0131\u015f i\u015flenmi\u015f olmas\u0131 h\u00e2linde bunlar\u0131n d\u00fczeltilmesini isteme,<\/li>\n<li>Ki\u015fisel verilerin silinmesini veya yok edilmesini isteme,<\/li>\n<li>Ki\u015fisel verilerin d\u00fczeltilmesi, silinmesi ya da yok edilmesi halinde bu i\u015flemlerin ki\u015fisel verilerin aktar\u0131ld\u0131\u011f\u0131 \u00fc\u00e7\u00fcnc\u00fc ki\u015filere bildirilmesini isteme,<\/li>\n<li>\u0130\u015flenen verilerin m\u00fcnhas\u0131ran otomatik sistemler vas\u0131tas\u0131yla analiz edilmesi suretiyle ki\u015finin kendisi aleyhine bir sonucun ortaya \u00e7\u0131kmas\u0131na itiraz etme,<\/li>\n<li>Ki\u015fisel verilerin kanuna ayk\u0131r\u0131 olarak i\u015flenmesi sebebiyle zarara u\u011framas\u0131 h\u00e2linde zarar\u0131n giderilmesini talep etme.<\/li>\n<\/ul>\n<p>Bu kapsamda iletilen talepler ; Karmen Oturma Gruplar\u0131 Dekorasyon Mobilya Tekstil \u0130n\u015f.San.ve Tic.Ltd.\u015eti. taraf\u0131ndan en ge\u00e7 otuz g\u00fcn i\u00e7inde \u00fccretsiz olarak sonu\u00e7land\u0131racakt\u0131r. Ancak, Ki\u015fisel Verileri Koruma Kurulunca bir \u00fccret \u00f6ng\u00f6r\u00fclmesi halinde, \u015eirketimiz taraf\u0131ndan belirlenen tarifedeki \u00fccret al\u0131nacakt\u0131r.<\/p>\n<p><strong>TALEPLER\u0130N\u0130Z \u0130\u00c7\u0130N B\u0130Z\u0130MLE \u0130LET\u0130\u015e\u0130ME GE\u00c7MEK \u0130STERSEN\u0130Z<\/strong><\/p>\n<p>6698 Say\u0131l\u0131 Kanun kapsam\u0131nda bizimle ileti\u015fime ge\u00e7mek, geri bildirimde bulunmak ya da sorular\u0131n\u0131z\u0131 y\u00f6neltmek isterseniz, \u00a0www.vanessa.com.tr \u00a0internet sitemizde yer alan \u201cVeri Sorumlusuna KVKK Ba\u015fvuru Formu\u201dnu tam ve eksiksiz bir \u015fekilde doldurarak, kimli\u011finizi ispat edici belgeler ve talebinizi i\u00e7eren dilek\u00e7eniz ile Karmen Oturma Gruplar\u0131 Dekorasyon Mobilya Tekstil \u0130n\u015f.San.ve Tic.Ltd.\u015eti. \u015eehitler Mah.Bursa-\u0130neg\u00f6l Yolu Sok.No:9\/1 \u0130neg\u00f6l\/BURSA adresine bizzat elden iletebilir,\u00a0 noter kanal\u0131yla ula\u015ft\u0131rabilirsiniz.<\/p>\n<p>Bu kapsamda konuyla ilgili yap\u0131lacak olan yaz\u0131l\u0131 ba\u015fvurular taraf\u0131m\u0131zdan yap\u0131lacak olan kimlik do\u011frulamas\u0131n\u0131 takiben kabul edilecek olup, ilgililere yasal s\u00fcreler i\u00e7erisinde geri d\u00f6n\u00fc\u015fte bulunulacakt\u0131r.<\/p>\n<p><strong>\u00a0<\/strong><\/p>\n<p><a title=\"KVKK Ba\u015fvuru\" href=\"https:\/\/vanessa.com.tr\/wp-content\/uploads\/2021\/11\/KVKK-Basvuru-Formu.docx\" target=\"_blank\" rel=\"noopener\"><strong>Ek : Ba\u015fvuru Formu<\/strong><\/a><\/p>\n\n\t\t<\/div>\n\t<\/div>\n<\/div><\/div><\/div><\/div>","protected":false},"excerpt":{"rendered":"\u00a0 K\u0130\u015e\u0130SEL VER\u0130LER\u0130N \u0130\u015eLENMES\u0130 AYDINLATMA METN\u0130 Ki\u015fisel verilerin i\u015flenmesinde ba\u015fta \u00f6zel hayat\u0131n gizlili\u011fi olmak \u00fczere ki\u015filerin temel hak ve \u00f6zg\u00fcrl\u00fcklerini","protected":false},"author":1,"featured_media":0,"parent":0,"menu_order":0,"comment_status":"closed","ping_status":"closed","template":"","meta":[],"yoast_head":"<!-- This site is optimized with the Yoast SEO Premium plugin v16.0.3 (Yoast SEO v17.7) - https:\/\/yoast.com\/wordpress\/plugins\/seo\/ -->\n<title>KVKK Ayd\u0131nlatma Metni - Vanessa Mobilya<\/title>\n<meta name=\"description\" content=\"Ki\u015fisel verilerin i\u015flenmesinde ba\u015fta \u00f6zel hayat\u0131n gizlili\u011fi olmak \u00fczere ki\u015filerin temel hak ve \u00f6zg\u00fcrl\u00fcklerini korumak ve ki\u015fisel verileri i\u015fleyen ger\u00e7ek ve t\u00fczel ki\u015filerin y\u00fck\u00fcml\u00fcl\u00fckleri belirlemek amac\u0131yla 7 Nisan 2016 tarihli ve 29677 Say\u0131l\u0131 Resm\u00ee Gazete\u2019de yay\u0131mlanan 6698 say\u0131l\u0131 Ki\u015fisel Verilerin Korunmas\u0131 Kanunu (\u201cKVKK\u201d) hususunda Karmen Oturma Gruplar\u0131 Dekorasyon Mobilya Tekstil \u0130n\u015f.San.ve Tic.Ltd.\u015eti.olarak Veri Sorumlusu s\u0131fat\u0131yla Kanun\u2019un \u201cVeri Sorumlusunun Ayd\u0131nlatma Y\u00fck\u00fcml\u00fcl\u00fc\u011f\u00fc\u201d ba\u015fl\u0131kl\u0131 10. maddesi uyar\u0131nca sizleri bilgilendirmek isteriz.\" \/>\n<meta name=\"robots\" content=\"index, follow, max-snippet:-1, max-image-preview:large, max-video-preview:-1\" \/>\n<link rel=\"canonical\" href=\"https:\/\/vanessa.com.tr\/en\/kvkk-aydinlatma-metni\/\" \/>\n<meta property=\"og:locale\" content=\"en_GB\" \/>\n<meta property=\"og:type\" content=\"article\" \/>\n<meta property=\"og:title\" content=\"KVKK Ayd\u0131nlatma Metni - Vanessa Mobilya\" \/>\n<meta property=\"og:description\" content=\"Ki\u015fisel verilerin i\u015flenmesinde ba\u015fta \u00f6zel hayat\u0131n gizlili\u011fi olmak \u00fczere ki\u015filerin temel hak ve \u00f6zg\u00fcrl\u00fcklerini korumak ve ki\u015fisel verileri i\u015fleyen ger\u00e7ek ve t\u00fczel ki\u015filerin y\u00fck\u00fcml\u00fcl\u00fckleri belirlemek amac\u0131yla 7 Nisan 2016 tarihli ve 29677 Say\u0131l\u0131 Resm\u00ee Gazete\u2019de yay\u0131mlanan 6698 say\u0131l\u0131 Ki\u015fisel Verilerin Korunmas\u0131 Kanunu (\u201cKVKK\u201d) hususunda Karmen Oturma Gruplar\u0131 Dekorasyon Mobilya Tekstil \u0130n\u015f.San.ve Tic.Ltd.\u015eti.olarak Veri Sorumlusu s\u0131fat\u0131yla Kanun\u2019un \u201cVeri Sorumlusunun Ayd\u0131nlatma Y\u00fck\u00fcml\u00fcl\u00fc\u011f\u00fc\u201d ba\u015fl\u0131kl\u0131 10. maddesi uyar\u0131nca sizleri bilgilendirmek isteriz.\" \/>\n<meta property=\"og:url\" content=\"https:\/\/vanessa.com.tr\/en\/kvkk-aydinlatma-metni\/\" \/>\n<meta property=\"og:site_name\" content=\"Vanessa Mobilya\" \/>\n<meta property=\"article:modified_time\" content=\"2022-07-23T10:00:14+00:00\" \/>\n<meta name=\"twitter:card\" content=\"summary_large_image\" \/>\n<meta name=\"twitter:label1\" content=\"Estimated reading time\" \/>\n\t<meta name=\"twitter:data1\" content=\"5 minutes\" \/>\n<script type=\"application\/ld+json\" class=\"yoast-schema-graph\">{\"@context\":\"https:\/\/schema.org\",\"@graph\":[{\"@type\":\"WebSite\",\"@id\":\"https:\/\/vanessa.com.tr\/#website\",\"url\":\"https:\/\/vanessa.com.tr\/\",\"name\":\"Vanessa Mobilya\",\"description\":\"- \\u0130neg\\u00f6l Mobilyas\\u0131\",\"potentialAction\":[{\"@type\":\"SearchAction\",\"target\":{\"@type\":\"EntryPoint\",\"urlTemplate\":\"https:\/\/vanessa.com.tr\/?s={search_term_string}\"},\"query-input\":\"required name=search_term_string\"}],\"inLanguage\":\"en-GB\"},{\"@type\":\"WebPage\",\"@id\":\"https:\/\/vanessa.com.tr\/kvkk-aydinlatma-metni\/#webpage\",\"url\":\"https:\/\/vanessa.com.tr\/kvkk-aydinlatma-metni\/\",\"name\":\"KVKK Ayd\\u0131nlatma Metni - Vanessa Mobilya\",\"isPartOf\":{\"@id\":\"https:\/\/vanessa.com.tr\/#website\"},\"datePublished\":\"2021-11-23T09:06:49+00:00\",\"dateModified\":\"2022-07-23T10:00:14+00:00\",\"description\":\"Ki\\u015fisel verilerin i\\u015flenmesinde ba\\u015fta \\u00f6zel hayat\\u0131n gizlili\\u011fi olmak \\u00fczere ki\\u015filerin temel hak ve \\u00f6zg\\u00fcrl\\u00fcklerini korumak ve ki\\u015fisel verileri i\\u015fleyen ger\\u00e7ek ve t\\u00fczel ki\\u015filerin y\\u00fck\\u00fcml\\u00fcl\\u00fckleri belirlemek amac\\u0131yla 7 Nisan 2016 tarihli ve 29677 Say\\u0131l\\u0131 Resm\\u00ee Gazete\\u2019de yay\\u0131mlanan 6698 say\\u0131l\\u0131 Ki\\u015fisel Verilerin Korunmas\\u0131 Kanunu (\\u201cKVKK\\u201d) hususunda Karmen Oturma Gruplar\\u0131 Dekorasyon Mobilya Tekstil \\u0130n\\u015f.San.ve Tic.Ltd.\\u015eti.olarak Veri Sorumlusu s\\u0131fat\\u0131yla Kanun\\u2019un \\u201cVeri Sorumlusunun Ayd\\u0131nlatma Y\\u00fck\\u00fcml\\u00fcl\\u00fc\\u011f\\u00fc\\u201d ba\\u015fl\\u0131kl\\u0131 10. maddesi uyar\\u0131nca sizleri bilgilendirmek isteriz.\",\"breadcrumb\":{\"@id\":\"https:\/\/vanessa.com.tr\/kvkk-aydinlatma-metni\/#breadcrumb\"},\"inLanguage\":\"en-GB\",\"potentialAction\":[{\"@type\":\"ReadAction\",\"target\":[\"https:\/\/vanessa.com.tr\/kvkk-aydinlatma-metni\/\"]}]},{\"@type\":\"BreadcrumbList\",\"@id\":\"https:\/\/vanessa.com.tr\/kvkk-aydinlatma-metni\/#breadcrumb\",\"itemListElement\":[{\"@type\":\"ListItem\",\"position\":1,\"name\":\"Ana sayfa\",\"item\":\"https:\/\/vanessa.com.tr\/\"},{\"@type\":\"ListItem\",\"position\":2,\"name\":\"KVKK Ayd\\u0131nlatma Metni\"}]}]}<\/script>\n<!-- \/ Yoast SEO Premium plugin. -->","yoast_head_json":{"title":"KVKK Ayd\u0131nlatma Metni - Vanessa Mobilya","description":"Ki\u015fisel verilerin i\u015flenmesinde ba\u015fta \u00f6zel hayat\u0131n gizlili\u011fi olmak \u00fczere ki\u015filerin temel hak ve \u00f6zg\u00fcrl\u00fcklerini korumak ve ki\u015fisel verileri i\u015fleyen ger\u00e7ek ve t\u00fczel ki\u015filerin y\u00fck\u00fcml\u00fcl\u00fckleri belirlemek amac\u0131yla 7 Nisan 2016 tarihli ve 29677 Say\u0131l\u0131 Resm\u00ee Gazete\u2019de yay\u0131mlanan 6698 say\u0131l\u0131 Ki\u015fisel Verilerin Korunmas\u0131 Kanunu (\u201cKVKK\u201d) hususunda Karmen Oturma Gruplar\u0131 Dekorasyon Mobilya Tekstil \u0130n\u015f.San.ve Tic.Ltd.\u015eti.olarak Veri Sorumlusu s\u0131fat\u0131yla Kanun\u2019un \u201cVeri Sorumlusunun Ayd\u0131nlatma Y\u00fck\u00fcml\u00fcl\u00fc\u011f\u00fc\u201d ba\u015fl\u0131kl\u0131 10. maddesi uyar\u0131nca sizleri bilgilendirmek isteriz.","robots":{"index":"index","follow":"follow","max-snippet":"max-snippet:-1","max-image-preview":"max-image-preview:large","max-video-preview":"max-video-preview:-1"},"canonical":"https:\/\/vanessa.com.tr\/en\/kvkk-aydinlatma-metni\/","og_locale":"en_GB","og_type":"article","og_title":"KVKK Ayd\u0131nlatma Metni - Vanessa Mobilya","og_description":"Ki\u015fisel verilerin i\u015flenmesinde ba\u015fta \u00f6zel hayat\u0131n gizlili\u011fi olmak \u00fczere ki\u015filerin temel hak ve \u00f6zg\u00fcrl\u00fcklerini korumak ve ki\u015fisel verileri i\u015fleyen ger\u00e7ek ve t\u00fczel ki\u015filerin y\u00fck\u00fcml\u00fcl\u00fckleri belirlemek amac\u0131yla 7 Nisan 2016 tarihli ve 29677 Say\u0131l\u0131 Resm\u00ee Gazete\u2019de yay\u0131mlanan 6698 say\u0131l\u0131 Ki\u015fisel Verilerin Korunmas\u0131 Kanunu (\u201cKVKK\u201d) hususunda Karmen Oturma Gruplar\u0131 Dekorasyon Mobilya Tekstil \u0130n\u015f.San.ve Tic.Ltd.\u015eti.olarak Veri Sorumlusu s\u0131fat\u0131yla Kanun\u2019un \u201cVeri Sorumlusunun Ayd\u0131nlatma Y\u00fck\u00fcml\u00fcl\u00fc\u011f\u00fc\u201d ba\u015fl\u0131kl\u0131 10. maddesi uyar\u0131nca sizleri bilgilendirmek isteriz.","og_url":"https:\/\/vanessa.com.tr\/en\/kvkk-aydinlatma-metni\/","og_site_name":"Vanessa Mobilya","article_modified_time":"2022-07-23T10:00:14+00:00","twitter_card":"summary_large_image","twitter_misc":{"Estimated reading time":"5 minutes"},"schema":{"@context":"https:\/\/schema.org","@graph":[{"@type":"WebSite","@id":"https:\/\/vanessa.com.tr\/#website","url":"https:\/\/vanessa.com.tr\/","name":"Vanessa Mobilya","description":"- \u0130neg\u00f6l Mobilyas\u0131","potentialAction":[{"@type":"SearchAction","target":{"@type":"EntryPoint","urlTemplate":"https:\/\/vanessa.com.tr\/?s={search_term_string}"},"query-input":"required name=search_term_string"}],"inLanguage":"en-GB"},{"@type":"WebPage","@id":"https:\/\/vanessa.com.tr\/kvkk-aydinlatma-metni\/#webpage","url":"https:\/\/vanessa.com.tr\/kvkk-aydinlatma-metni\/","name":"KVKK Ayd\u0131nlatma Metni - Vanessa Mobilya","isPartOf":{"@id":"https:\/\/vanessa.com.tr\/#website"},"datePublished":"2021-11-23T09:06:49+00:00","dateModified":"2022-07-23T10:00:14+00:00","description":"Ki\u015fisel verilerin i\u015flenmesinde ba\u015fta \u00f6zel hayat\u0131n gizlili\u011fi olmak \u00fczere ki\u015filerin temel hak ve \u00f6zg\u00fcrl\u00fcklerini korumak ve ki\u015fisel verileri i\u015fleyen ger\u00e7ek ve t\u00fczel ki\u015filerin y\u00fck\u00fcml\u00fcl\u00fckleri belirlemek amac\u0131yla 7 Nisan 2016 tarihli ve 29677 Say\u0131l\u0131 Resm\u00ee Gazete\u2019de yay\u0131mlanan 6698 say\u0131l\u0131 Ki\u015fisel Verilerin Korunmas\u0131 Kanunu (\u201cKVKK\u201d) hususunda Karmen Oturma Gruplar\u0131 Dekorasyon Mobilya Tekstil \u0130n\u015f.San.ve Tic.Ltd.\u015eti.olarak Veri Sorumlusu s\u0131fat\u0131yla Kanun\u2019un \u201cVeri Sorumlusunun Ayd\u0131nlatma Y\u00fck\u00fcml\u00fcl\u00fc\u011f\u00fc\u201d ba\u015fl\u0131kl\u0131 10. maddesi uyar\u0131nca sizleri bilgilendirmek isteriz.","breadcrumb":{"@id":"https:\/\/vanessa.com.tr\/kvkk-aydinlatma-metni\/#breadcrumb"},"inLanguage":"en-GB","potentialAction":[{"@type":"ReadAction","target":["https:\/\/vanessa.com.tr\/kvkk-aydinlatma-metni\/"]}]},{"@type":"BreadcrumbList","@id":"https:\/\/vanessa.com.tr\/kvkk-aydinlatma-metni\/#breadcrumb","itemListElement":[{"@type":"ListItem","position":1,"name":"Ana sayfa","item":"https:\/\/vanessa.com.tr\/"},{"@type":"ListItem","position":2,"name":"KVKK Ayd\u0131nlatma Metni"}]}]}},"_links":{"self":[{"href":"https:\/\/vanessa.com.tr\/en\/wp-json\/wp\/v2\/pages\/822"}],"collection":[{"href":"https:\/\/vanessa.com.tr\/en\/wp-json\/wp\/v2\/pages"}],"about":[{"href":"https:\/\/vanessa.com.tr\/en\/wp-json\/wp\/v2\/types\/page"}],"author":[{"embeddable":true,"href":"https:\/\/vanessa.com.tr\/en\/wp-json\/wp\/v2\/users\/1"}],"replies":[{"embeddable":true,"href":"https:\/\/vanessa.com.tr\/en\/wp-json\/wp\/v2\/comments?post=822"}],"version-history":[{"count":4,"href":"https:\/\/vanessa.com.tr\/en\/wp-json\/wp\/v2\/pages\/822\/revisions"}],"predecessor-version":[{"id":4977,"href":"https:\/\/vanessa.com.tr\/en\/wp-json\/wp\/v2\/pages\/822\/revisions\/4977"}],"wp:attachment":[{"href":"https:\/\/vanessa.com.tr\/en\/wp-json\/wp\/v2\/media?parent=822"}],"curies":[{"name":"wp","href":"https:\/\/api.w.org\/{rel}","templated":true}]}}