{"id":815,"date":"2021-11-23T11:40:21","date_gmt":"2021-11-23T08:40:21","guid":{"rendered":"https:\/\/vanessa.com.tr\/?page_id=815"},"modified":"2023-03-22T16:47:48","modified_gmt":"2023-03-22T13:47:48","slug":"satis-noktalari","status":"publish","type":"page","link":"https:\/\/vanessa.com.tr\/en\/satis-noktalari\/","title":{"rendered":"Sales Points"},"content":{"rendered":"<div id=\"row_table\" data-vc-full-width=\"true\" data-vc-full-width-init=\"false\" data-vc-stretch-content=\"true\" class=\"vc_row wpb_row vc_row-fluid\"><div class=\"wpb_column vc_column_container vc_col-sm-12\"><div class=\"vc_column-inner\"><div class=\"wpb_wrapper\">\n\t<div class=\"wpb_text_column wpb_content_element\" >\n\t\t<div class=\"wpb_wrapper\">\n\t\t\t<div id=\"tablepress-1-scroll-wrapper\" class=\"tablepress-scroll-wrapper\">\n\n<table id=\"tablepress-1\" class=\"tablepress tablepress-id-1 tablepress-responsive\">\n<thead>\n<tr class=\"row-1 odd\">\n\t<th class=\"column-1\">COMPANY NAME<\/th><th class=\"column-2\">ADDRESS<\/th><th class=\"column-3\">PROVINCE<\/th><th class=\"column-4\">CITY<\/th><th class=\"column-5\">PHONE NUMBER<\/th>\n<\/tr>\n<\/thead>\n<tbody class=\"row-hover\">\n<tr class=\"row-2 even\">\n\t<td class=\"column-1\">VANESSA MOB\u0130LYA<\/td><td class=\"column-2\">BARI\u015e MAHALLES\u0130 \u0130ZM\u0130R YOLU CADDES\u0130 NO 162<\/td><td class=\"column-3\">N\u0130L\u00dcFER<\/td><td class=\"column-4\">BURSA<\/td><td class=\"column-5\">0507 315 5081<\/td>\n<\/tr>\n<tr class=\"row-3 odd\">\n\t<td class=\"column-1\">VANESSA MOB\u0130LYA<\/td><td class=\"column-2\">MODOKO MOB\u0130LYACILAR S\u0130TES\u0130 6. SOKAK NO 102<\/td><td class=\"column-3\">\u00dcMRAN\u0130YE<\/td><td class=\"column-4\">\u0130STANBUL<\/td><td class=\"column-5\">0543 381 1805<\/td>\n<\/tr>\n<tr class=\"row-4 even\">\n\t<td class=\"column-1\">VANESSA MOB\u0130LYA<\/td><td class=\"column-2\">MASKO MOB\u0130LYACILAR S\u0130TES\u0130 Blok:10\/A No:7 BA\u015eAK\u015eEH\u0130R \u0130STANBUL <br \/>\n<\/td><td class=\"column-3\">\u0130K\u0130TELL\u0130<\/td><td class=\"column-4\">\u0130STANBUL<\/td><td class=\"column-5\">0555 089 0951<\/td>\n<\/tr>\n<tr class=\"row-5 odd\">\n\t<td class=\"column-1\">ANADOLU MOB\u0130LYA<\/td><td class=\"column-2\">AKINCI MAHALLES\u0130 E-5 KARAYOLU 18. KM NO 173<\/td><td class=\"column-3\">SER\u0130NYOL<\/td><td class=\"column-4\">HATAY<\/td><td class=\"column-5\">0326 233 3311<\/td>\n<\/tr>\n<tr class=\"row-6 even\">\n\t<td class=\"column-1\">ZEN MOB\u0130LYA<\/td><td class=\"column-2\">TARIM MAHALLES\u0130 ASPENDOS BULVARI NO 70\/C<\/td><td class=\"column-3\">MURATPA\u015eA<\/td><td class=\"column-4\">ANTALYA<\/td><td class=\"column-5\">0242 313 0001<\/td>\n<\/tr>\n<tr class=\"row-7 odd\">\n\t<td class=\"column-1\">G\u00dc\u00c7L\u00dc MOB\u0130LYA<\/td><td class=\"column-2\">MOB\u0130LYACILAR S\u0130TES\u0130 \u00c7AMKORU SOKAK NO 23<\/td><td class=\"column-3\">SEL\u00c7UKLU<\/td><td class=\"column-4\">KONYA<\/td><td class=\"column-5\">0332 248 2827<\/td>\n<\/tr>\n<tr class=\"row-8 even\">\n\t<td class=\"column-1\">OSMANO\u011eULLARI MOB\u0130LYA<\/td><td class=\"column-2\">MEHMET \u00c7ELEB\u0130 MAHALLES\u0130 SEMERC\u0130LER CADDES\u0130 NO 30\/B<\/td><td class=\"column-3\">MERKEZ<\/td><td class=\"column-4\">BAYBURT<\/td><td class=\"column-5\">0458 211 8887<\/td>\n<\/tr>\n<tr class=\"row-9 odd\">\n\t<td class=\"column-1\">RM TELESET MOB\u0130LYA<\/td><td class=\"column-2\">\u0130STANBUL YOLU 9. KM BATIPARK AVM NO 3\/C<\/td><td class=\"column-3\">YEN\u0130MAHALLE<\/td><td class=\"column-4\">ANKARA<\/td><td class=\"column-5\">0312 336 8686<\/td>\n<\/tr>\n<tr class=\"row-10 even\">\n\t<td class=\"column-1\">ESEN HALI MOB\u0130LYA<\/td><td class=\"column-2\">KOCAS\u0130NAN MAHALLES\u0130 DR. SADIK AHMET CADDES\u0130 NO 24 KARDELEN S\u0130TES\u0130 C BLOK <\/td><td class=\"column-3\">MERKEZ<\/td><td class=\"column-4\">ED\u0130RNE<\/td><td class=\"column-5\">0284 235 20 10<\/td>\n<\/tr>\n<tr class=\"row-11 odd\">\n\t<td class=\"column-1\">KINIK MOB\u0130LYA<\/td><td class=\"column-2\">MUH\u0130TT\u0130N MAHALLES\u0130 \u00c7ET\u0130N EME\u00c7 CADDES\u0130 HAZIM OKAN APT. NO 11\/A<\/td><td class=\"column-3\">\u00c7ORLU<\/td><td class=\"column-4\">TEK\u0130RDA\u011e<\/td><td class=\"column-5\">0282 651 92 32<\/td>\n<\/tr>\n<tr class=\"row-12 even\">\n\t<td class=\"column-1\">CADDE YILDIZ MOB\u0130LYA<\/td><td class=\"column-2\">15 TEMMUZ MAHALLES\u0130 BAHAR CADDES\u0130 NO 45 OAS\u0130S AVM<\/td><td class=\"column-3\">G\u00dcNE\u015eL\u0130<\/td><td class=\"column-4\">\u0130STANBUL<\/td><td class=\"column-5\">444 21 05<\/td>\n<\/tr>\n<tr class=\"row-13 odd\">\n\t<td class=\"column-1\">FREDA HOME<\/td><td class=\"column-2\">FAT\u0130H MAHALLES\u0130 FEVZ\u0130 \u00c7AKMAK BULVARI NO 119\/A<\/td><td class=\"column-3\">PAMUKKALE<\/td><td class=\"column-4\">DEN\u0130ZL\u0130<\/td><td class=\"column-5\">0258 502 0928<\/td>\n<\/tr>\n<tr class=\"row-14 even\">\n\t<td class=\"column-1\">NEWYORK CONCEPT<\/td><td class=\"column-2\">Cenneto\u011flu Mahallesi, Ye\u015fillik Caddesi, No: 236\/B-C,<\/td><td class=\"column-3\">KARABA\u011eLAR<\/td><td class=\"column-4\">\u0130ZM\u0130R<\/td><td class=\"column-5\">0 232 264 35 04<\/td>\n<\/tr>\n<tr class=\"row-15 odd\">\n\t<td class=\"column-1\">TURGUT MOB\u0130LYA<\/td><td class=\"column-2\">CEVATPA\u015eA MAHALLES\u0130, KAYSER\u0130L\u0130 AHMET PA\u015eA CADDES\u0130 NO. 20<\/td><td class=\"column-3\">MERKEZ<\/td><td class=\"column-4\">\u00c7ANAKKALE<\/td><td class=\"column-5\">0286 213 3118<\/td>\n<\/tr>\n<tr class=\"row-16 even\">\n\t<td class=\"column-1\">ENG\u0130NCE MOB\u0130LYA<\/td><td class=\"column-2\">\u0130DEALTEPE MAHALLES\u0130, AKG\u00dcVERC\u0130N SOKAK NO 6<\/td><td class=\"column-3\">MALTEPE<\/td><td class=\"column-4\">\u0130STANBUL<\/td><td class=\"column-5\">0216 489 0059<\/td>\n<\/tr>\n<tr class=\"row-17 odd\">\n\t<td class=\"column-1\">HATT MOB\u0130LYA<\/td><td class=\"column-2\">K\u00d6SEK\u00d6Y MAH. ANKARA CAD. NO:267 F\/2 MOBESKO<\/td><td class=\"column-3\">KARETEPE <\/td><td class=\"column-4\">KOCAEL\u0130<\/td><td class=\"column-5\">0535 543 8002<\/td>\n<\/tr>\n<tr class=\"row-18 even\">\n\t<td class=\"column-1\">EV\u0130MPARK MOB\u0130LYA<\/td><td class=\"column-2\">I\u015eIKLI MAHALLES\u0130 , I\u015eIKLI M\u00dcCAV\u0130R SK., NO:739\/1<\/td><td class=\"column-3\">EFELER<\/td><td class=\"column-4\">AYDIN<\/td><td class=\"column-5\">0256 219 6333<\/td>\n<\/tr>\n<tr class=\"row-19 odd\">\n\t<td class=\"column-1\">MUSTAFA BURCU LTD \u015eT\u0130<\/td><td class=\"column-2\">BAH\u00c7EL\u0130EVLER MAH. ATAT\u00dcRK BULVARI NO:244\/10<\/td><td class=\"column-3\">BERGAMA<\/td><td class=\"column-4\">\u0130ZM\u0130R<\/td><td class=\"column-5\">0 532 226 43 92<\/td>\n<\/tr>\n<tr class=\"row-20 even\">\n\t<td class=\"column-1\">DAMCILAR MOB\u0130LYA<\/td><td class=\"column-2\">HACI S\u0130YAM MH. ATAT\u00dcRK BULV. NO: 79-A<\/td><td class=\"column-3\">MERKEZ<\/td><td class=\"column-4\">G\u0130RESUN<\/td><td class=\"column-5\">0454 216 1820<\/td>\n<\/tr>\n<tr class=\"row-21 odd\">\n\t<td class=\"column-1\">AYSER MOB\u0130LYA<\/td><td class=\"column-2\">ASEM MOB\u0130LYACILAR \u00c7AR\u015eISI 3.SOKAK NO:131<\/td><td class=\"column-3\">SERD\u0130VAN<\/td><td class=\"column-4\">SAKARYA<\/td><td class=\"column-5\">0264 211 42 52<\/td>\n<\/tr>\n<tr class=\"row-22 even\">\n\t<td class=\"column-1\">VANESSA MOB\u0130LYA<\/td><td class=\"column-2\"> REG\u0130ON AHMAD RAJABL\u0130 STREET 159<\/td><td class=\"column-3\">NER\u0130MANOW<\/td><td class=\"column-4\">BAK\u00dc<\/td><td class=\"column-5\"> 50 450 3406<\/td>\n<\/tr>\n<tr class=\"row-23 odd\">\n\t<td class=\"column-1\">T\u00dcRKHOME MOB\u0130LYA<\/td><td class=\"column-2\">KURTULU\u015e MAH. \u00c7AKALOZ SK. NO:23\/A <\/td><td class=\"column-3\">MERKEZ<\/td><td class=\"column-4\">U\u015eAK<\/td><td class=\"column-5\">0532 607 0680<\/td>\n<\/tr>\n<tr class=\"row-24 even\">\n\t<td class=\"column-1\">B\u0130ANCA MOB\u0130LYA<\/td><td class=\"column-2\">KONACIK MAH. ATAT\u00dcRK BUL. NO:130<\/td><td class=\"column-3\">BODRUM<\/td><td class=\"column-4\">MU\u011eLA<\/td><td class=\"column-5\">0252 363 8019<\/td>\n<\/tr>\n<tr class=\"row-25 odd\">\n\t<td class=\"column-1\">ENG\u0130N EV MOB\u0130LYA<\/td><td class=\"column-2\">BAH\u00c7EL\u0130EVLER MAH. D100 BULVARI KARAYOLU NO:58 PEND\u0130K\/\u0130STANBUL<\/td><td class=\"column-3\">PEND\u0130K<\/td><td class=\"column-4\">\u0130STANBUL<\/td><td class=\"column-5\">0533 911 6912<\/td>\n<\/tr>\n<\/tbody>\n<\/table>\n\n<\/div>\n\n\t\t<\/div>\n\t<\/div>\n<\/div><\/div><\/div><\/div><div class=\"vc_row-full-width vc_clearfix\"><\/div><div id=\"row_map\" data-vc-full-width=\"true\" data-vc-full-width-init=\"false\" data-vc-stretch-content=\"true\" class=\"vc_row wpb_row vc_row-fluid vc_row-no-padding\"><div class=\"wpb_column vc_column_container vc_col-sm-12\"><div class=\"vc_column-inner\"><div class=\"wpb_wrapper\">\n\t<div class=\"wpb_raw_code wpb_content_element wpb_raw_html\" >\n\t\t<div class=\"wpb_wrapper\">\n\t\t\t<iframe src=\"https:\/\/www.google.com\/maps\/d\/u\/2\/embed?mid=1WhfjfWEv0EFUCH7jRkmdPbwL1WmmwcYS&ehbc=2E312F\" width=\"100%\" height=\"480\"><\/iframe>\n\t\t<\/div>\n\t<\/div>\n<\/div><\/div><\/div><\/div><div class=\"vc_row-full-width vc_clearfix\"><\/div>","protected":false},"excerpt":{"rendered":"F\u0130RMA ADIADRES\u0130L\u00c7E\u0130LTELEFON VANESSA MOB\u0130LYABARI\u015e MAHALLES\u0130 \u0130ZM\u0130R YOLU CADDES\u0130 NO 162N\u0130L\u00dcFERBURSA0507 315 5081 VANESSA MOB\u0130LYAMODOKO MOB\u0130LYACILAR S\u0130TES\u0130 6. SOKAK NO 102\u00dcMRAN\u0130YE\u0130STANBUL0543","protected":false},"author":1,"featured_media":0,"parent":0,"menu_order":0,"comment_status":"closed","ping_status":"closed","template":"","meta":[],"yoast_head":"<!-- This site is optimized with the Yoast SEO Premium plugin v16.0.3 (Yoast SEO v17.7) - https:\/\/yoast.com\/wordpress\/plugins\/seo\/ -->\n<title>Sat\u0131\u015f Noktalar\u0131 - Vanessa Mobilya<\/title>\n<meta name=\"robots\" content=\"index, follow, max-snippet:-1, max-image-preview:large, max-video-preview:-1\" \/>\n<link rel=\"canonical\" href=\"https:\/\/vanessa.com.tr\/en\/satis-noktalari\/\" \/>\n<meta property=\"og:locale\" content=\"en_GB\" \/>\n<meta property=\"og:type\" content=\"article\" \/>\n<meta property=\"og:title\" content=\"Sat\u0131\u015f Noktalar\u0131 - Vanessa Mobilya\" \/>\n<meta property=\"og:url\" content=\"https:\/\/vanessa.com.tr\/en\/satis-noktalari\/\" \/>\n<meta property=\"og:site_name\" content=\"Vanessa Mobilya\" \/>\n<meta property=\"article:modified_time\" content=\"2023-03-22T13:47:48+00:00\" \/>\n<meta name=\"twitter:card\" content=\"summary_large_image\" \/>\n<meta name=\"twitter:label1\" content=\"Estimated reading time\" \/>\n\t<meta name=\"twitter:data1\" content=\"1 minute\" \/>\n<script type=\"application\/ld+json\" class=\"yoast-schema-graph\">{\"@context\":\"https:\/\/schema.org\",\"@graph\":[{\"@type\":\"WebSite\",\"@id\":\"https:\/\/vanessa.com.tr\/#website\",\"url\":\"https:\/\/vanessa.com.tr\/\",\"name\":\"Vanessa Mobilya\",\"description\":\"- \\u0130neg\\u00f6l Mobilyas\\u0131\",\"potentialAction\":[{\"@type\":\"SearchAction\",\"target\":{\"@type\":\"EntryPoint\",\"urlTemplate\":\"https:\/\/vanessa.com.tr\/?s={search_term_string}\"},\"query-input\":\"required name=search_term_string\"}],\"inLanguage\":\"en-GB\"},{\"@type\":\"WebPage\",\"@id\":\"https:\/\/vanessa.com.tr\/satis-noktalari\/#webpage\",\"url\":\"https:\/\/vanessa.com.tr\/satis-noktalari\/\",\"name\":\"Sat\\u0131\\u015f Noktalar\\u0131 - Vanessa Mobilya\",\"isPartOf\":{\"@id\":\"https:\/\/vanessa.com.tr\/#website\"},\"datePublished\":\"2021-11-23T08:40:21+00:00\",\"dateModified\":\"2023-03-22T13:47:48+00:00\",\"breadcrumb\":{\"@id\":\"https:\/\/vanessa.com.tr\/satis-noktalari\/#breadcrumb\"},\"inLanguage\":\"en-GB\",\"potentialAction\":[{\"@type\":\"ReadAction\",\"target\":[\"https:\/\/vanessa.com.tr\/satis-noktalari\/\"]}]},{\"@type\":\"BreadcrumbList\",\"@id\":\"https:\/\/vanessa.com.tr\/satis-noktalari\/#breadcrumb\",\"itemListElement\":[{\"@type\":\"ListItem\",\"position\":1,\"name\":\"Ana sayfa\",\"item\":\"https:\/\/vanessa.com.tr\/\"},{\"@type\":\"ListItem\",\"position\":2,\"name\":\"Sat\\u0131\\u015f Noktalar\\u0131\"}]}]}<\/script>\n<!-- \/ Yoast SEO Premium plugin. -->","yoast_head_json":{"title":"Sat\u0131\u015f Noktalar\u0131 - Vanessa Mobilya","robots":{"index":"index","follow":"follow","max-snippet":"max-snippet:-1","max-image-preview":"max-image-preview:large","max-video-preview":"max-video-preview:-1"},"canonical":"https:\/\/vanessa.com.tr\/en\/satis-noktalari\/","og_locale":"en_GB","og_type":"article","og_title":"Sat\u0131\u015f Noktalar\u0131 - Vanessa Mobilya","og_url":"https:\/\/vanessa.com.tr\/en\/satis-noktalari\/","og_site_name":"Vanessa Mobilya","article_modified_time":"2023-03-22T13:47:48+00:00","twitter_card":"summary_large_image","twitter_misc":{"Estimated reading time":"1 minute"},"schema":{"@context":"https:\/\/schema.org","@graph":[{"@type":"WebSite","@id":"https:\/\/vanessa.com.tr\/#website","url":"https:\/\/vanessa.com.tr\/","name":"Vanessa Mobilya","description":"- \u0130neg\u00f6l Mobilyas\u0131","potentialAction":[{"@type":"SearchAction","target":{"@type":"EntryPoint","urlTemplate":"https:\/\/vanessa.com.tr\/?s={search_term_string}"},"query-input":"required name=search_term_string"}],"inLanguage":"en-GB"},{"@type":"WebPage","@id":"https:\/\/vanessa.com.tr\/satis-noktalari\/#webpage","url":"https:\/\/vanessa.com.tr\/satis-noktalari\/","name":"Sat\u0131\u015f Noktalar\u0131 - Vanessa Mobilya","isPartOf":{"@id":"https:\/\/vanessa.com.tr\/#website"},"datePublished":"2021-11-23T08:40:21+00:00","dateModified":"2023-03-22T13:47:48+00:00","breadcrumb":{"@id":"https:\/\/vanessa.com.tr\/satis-noktalari\/#breadcrumb"},"inLanguage":"en-GB","potentialAction":[{"@type":"ReadAction","target":["https:\/\/vanessa.com.tr\/satis-noktalari\/"]}]},{"@type":"BreadcrumbList","@id":"https:\/\/vanessa.com.tr\/satis-noktalari\/#breadcrumb","itemListElement":[{"@type":"ListItem","position":1,"name":"Ana sayfa","item":"https:\/\/vanessa.com.tr\/"},{"@type":"ListItem","position":2,"name":"Sat\u0131\u015f Noktalar\u0131"}]}]}},"_links":{"self":[{"href":"https:\/\/vanessa.com.tr\/en\/wp-json\/wp\/v2\/pages\/815"}],"collection":[{"href":"https:\/\/vanessa.com.tr\/en\/wp-json\/wp\/v2\/pages"}],"about":[{"href":"https:\/\/vanessa.com.tr\/en\/wp-json\/wp\/v2\/types\/page"}],"author":[{"embeddable":true,"href":"https:\/\/vanessa.com.tr\/en\/wp-json\/wp\/v2\/users\/1"}],"replies":[{"embeddable":true,"href":"https:\/\/vanessa.com.tr\/en\/wp-json\/wp\/v2\/comments?post=815"}],"version-history":[{"count":10,"href":"https:\/\/vanessa.com.tr\/en\/wp-json\/wp\/v2\/pages\/815\/revisions"}],"predecessor-version":[{"id":10902,"href":"https:\/\/vanessa.com.tr\/en\/wp-json\/wp\/v2\/pages\/815\/revisions\/10902"}],"wp:attachment":[{"href":"https:\/\/vanessa.com.tr\/en\/wp-json\/wp\/v2\/media?parent=815"}],"curies":[{"name":"wp","href":"https:\/\/api.w.org\/{rel}","templated":true}]}}