{"id":33,"date":"2020-12-21T09:19:45","date_gmt":"2020-12-21T06:19:45","guid":{"rendered":"https:\/\/vanessa.com.tr\/?page_id=33"},"modified":"2021-12-08T15:00:36","modified_gmt":"2021-12-08T12:00:36","slug":"hakkimizda","status":"publish","type":"page","link":"https:\/\/vanessa.com.tr\/en\/hakkimizda\/","title":{"rendered":"Hakk\u0131m\u0131zda"},"content":{"rendered":"<div id=\"row_hakkimizda\" data-vc-full-width=\"true\" data-vc-full-width-init=\"false\" class=\"vc_row wpb_row vc_row-fluid\"><div class=\"wpb_column vc_column_container vc_col-sm-12\"><div class=\"vc_column-inner\"><div class=\"wpb_wrapper\"><div class=\"vc_row wpb_row vc_inner vc_row-fluid\"><div class=\"wpb_column vc_column_container vc_col-sm-2\"><div class=\"vc_column-inner\"><div class=\"wpb_wrapper\"><\/div><\/div><\/div><div class=\"wpb_column vc_column_container vc_col-sm-8\"><div class=\"vc_column-inner\"><div class=\"wpb_wrapper\">\n\t<div class=\"wpb_text_column wpb_content_element\" >\n\t\t<div class=\"wpb_wrapper\">\n\t\t\t<h2 style=\"text-align: center;\">OUR STORY<\/h2>\n<p style=\"text-align: center;\">Our story started in 1999 from the counter of a furniture workshop and while it is in its present form, it has incorporated art, craft and design into it. Our company has told its story, which started on this counter, in a whole that has taken its signature all over the world. Vanessa is a direct provider of a whole concept such as sofa sets, bed and dining rooms, hairdressers, coffee tables and TV units.<br \/>\nVanessa, which embodies all the innovative ideas of a modern and dynamic team, has been able to synthesize the inspiration it receives from imagination with its sectoral knowledge. The brand, which considers responsibility for every detail needed by a house; today, it makes you feel its quality and design line in every living space it goes to. Vanessa successfully continues her process management with her global designers, holistic perspective and the confidence given by getting to know the industry.<\/p>\n\n\t\t<\/div>\n\t<\/div>\n<div class=\"vc_empty_space\"   style=\"height: 300px\"><span class=\"vc_empty_space_inner\"><\/span><\/div>\n\t<div class=\"wpb_text_column wpb_content_element\" >\n\t\t<div class=\"wpb_wrapper\">\n\t\t\t<h2 style=\"text-align: center;\">VISION<\/h2>\n<p style=\"text-align: center;\">It defines the vision of our company to be able to fully reflect its imagination in designs by prioritizing what is different. We turn the customer relationship management phenomenon that we have taken as a basis into a big event and carry out process management of this in each unit. Our company, which intends to continue its sectoral awareness with ideas and designs that support every step of the way, aims to make every host feel special when they are guests.<\/p>\n\n\t\t<\/div>\n\t<\/div>\n\n\t<div class=\"wpb_text_column wpb_content_element\" >\n\t\t<div class=\"wpb_wrapper\">\n\t\t\t<h2 style=\"text-align: center;\">MISION<\/h2>\n<p style=\"text-align: center;\">Among those who make up Vanessa's mission is to be involved in more than one focus dec  Our company aims to be aware of its role towards colleagues, business partners, consumers and ultimately nature and society. Our company underlines that what it offers is not just a piece of furniture; It tells the consumer by offering a whole value. Customizing the concept of customizable luxury for anyone who wants to feel valued also defines our mission.<\/p>\n\n\t\t<\/div>\n\t<\/div>\n<\/div><\/div><\/div><div class=\"wpb_column vc_column_container vc_col-sm-2\"><div class=\"vc_column-inner\"><div class=\"wpb_wrapper\"><\/div><\/div><\/div><\/div><\/div><\/div><\/div><\/div><div class=\"vc_row-full-width vc_clearfix\"><\/div>","protected":false},"excerpt":{"rendered":"HAKKIMIZDA 1999 y\u0131l\u0131nda, bir mobilya at\u00f6lyesinin tezgah\u0131ndan ba\u015flayan hikaye, bug\u00fcnk\u00fc halini al\u0131rken i\u00e7ine; sanat\u0131, zanaati ve tasar\u0131m\u0131 s\u0131\u011fd\u0131rm\u0131\u015ft\u0131r. Vanessa Mobilya;","protected":false},"author":1,"featured_media":0,"parent":0,"menu_order":0,"comment_status":"closed","ping_status":"closed","template":"","meta":[],"yoast_head":"<!-- This site is optimized with the Yoast SEO Premium plugin v16.0.3 (Yoast SEO v17.7) - https:\/\/yoast.com\/wordpress\/plugins\/seo\/ -->\n<title>Hakk\u0131m\u0131zda - Vanessa Mobilya<\/title>\n<meta name=\"robots\" content=\"index, follow, max-snippet:-1, max-image-preview:large, max-video-preview:-1\" \/>\n<link rel=\"canonical\" href=\"https:\/\/vanessa.com.tr\/en\/hakkimizda\/\" \/>\n<meta property=\"og:locale\" content=\"en_GB\" \/>\n<meta property=\"og:type\" content=\"article\" \/>\n<meta property=\"og:title\" content=\"Hakk\u0131m\u0131zda - Vanessa Mobilya\" \/>\n<meta property=\"og:url\" content=\"https:\/\/vanessa.com.tr\/en\/hakkimizda\/\" \/>\n<meta property=\"og:site_name\" content=\"Vanessa Mobilya\" \/>\n<meta property=\"article:modified_time\" content=\"2021-12-08T12:00:36+00:00\" \/>\n<meta name=\"twitter:card\" content=\"summary_large_image\" \/>\n<meta name=\"twitter:label1\" content=\"Estimated reading time\" \/>\n\t<meta name=\"twitter:data1\" content=\"2 minutes\" \/>\n<script type=\"application\/ld+json\" class=\"yoast-schema-graph\">{\"@context\":\"https:\/\/schema.org\",\"@graph\":[{\"@type\":\"WebSite\",\"@id\":\"https:\/\/vanessa.com.tr\/#website\",\"url\":\"https:\/\/vanessa.com.tr\/\",\"name\":\"Vanessa Mobilya\",\"description\":\"- \\u0130neg\\u00f6l Mobilyas\\u0131\",\"potentialAction\":[{\"@type\":\"SearchAction\",\"target\":{\"@type\":\"EntryPoint\",\"urlTemplate\":\"https:\/\/vanessa.com.tr\/?s={search_term_string}\"},\"query-input\":\"required name=search_term_string\"}],\"inLanguage\":\"en-GB\"},{\"@type\":\"WebPage\",\"@id\":\"https:\/\/vanessa.com.tr\/hakkimizda\/#webpage\",\"url\":\"https:\/\/vanessa.com.tr\/hakkimizda\/\",\"name\":\"Hakk\\u0131m\\u0131zda - Vanessa Mobilya\",\"isPartOf\":{\"@id\":\"https:\/\/vanessa.com.tr\/#website\"},\"datePublished\":\"2020-12-21T06:19:45+00:00\",\"dateModified\":\"2021-12-08T12:00:36+00:00\",\"breadcrumb\":{\"@id\":\"https:\/\/vanessa.com.tr\/hakkimizda\/#breadcrumb\"},\"inLanguage\":\"en-GB\",\"potentialAction\":[{\"@type\":\"ReadAction\",\"target\":[\"https:\/\/vanessa.com.tr\/hakkimizda\/\"]}]},{\"@type\":\"BreadcrumbList\",\"@id\":\"https:\/\/vanessa.com.tr\/hakkimizda\/#breadcrumb\",\"itemListElement\":[{\"@type\":\"ListItem\",\"position\":1,\"name\":\"Ana sayfa\",\"item\":\"https:\/\/vanessa.com.tr\/\"},{\"@type\":\"ListItem\",\"position\":2,\"name\":\"Hakk\\u0131m\\u0131zda\"}]}]}<\/script>\n<!-- \/ Yoast SEO Premium plugin. -->","yoast_head_json":{"title":"Hakk\u0131m\u0131zda - Vanessa Mobilya","robots":{"index":"index","follow":"follow","max-snippet":"max-snippet:-1","max-image-preview":"max-image-preview:large","max-video-preview":"max-video-preview:-1"},"canonical":"https:\/\/vanessa.com.tr\/en\/hakkimizda\/","og_locale":"en_GB","og_type":"article","og_title":"Hakk\u0131m\u0131zda - Vanessa Mobilya","og_url":"https:\/\/vanessa.com.tr\/en\/hakkimizda\/","og_site_name":"Vanessa Mobilya","article_modified_time":"2021-12-08T12:00:36+00:00","twitter_card":"summary_large_image","twitter_misc":{"Estimated reading time":"2 minutes"},"schema":{"@context":"https:\/\/schema.org","@graph":[{"@type":"WebSite","@id":"https:\/\/vanessa.com.tr\/#website","url":"https:\/\/vanessa.com.tr\/","name":"Vanessa Mobilya","description":"- \u0130neg\u00f6l Mobilyas\u0131","potentialAction":[{"@type":"SearchAction","target":{"@type":"EntryPoint","urlTemplate":"https:\/\/vanessa.com.tr\/?s={search_term_string}"},"query-input":"required name=search_term_string"}],"inLanguage":"en-GB"},{"@type":"WebPage","@id":"https:\/\/vanessa.com.tr\/hakkimizda\/#webpage","url":"https:\/\/vanessa.com.tr\/hakkimizda\/","name":"Hakk\u0131m\u0131zda - Vanessa Mobilya","isPartOf":{"@id":"https:\/\/vanessa.com.tr\/#website"},"datePublished":"2020-12-21T06:19:45+00:00","dateModified":"2021-12-08T12:00:36+00:00","breadcrumb":{"@id":"https:\/\/vanessa.com.tr\/hakkimizda\/#breadcrumb"},"inLanguage":"en-GB","potentialAction":[{"@type":"ReadAction","target":["https:\/\/vanessa.com.tr\/hakkimizda\/"]}]},{"@type":"BreadcrumbList","@id":"https:\/\/vanessa.com.tr\/hakkimizda\/#breadcrumb","itemListElement":[{"@type":"ListItem","position":1,"name":"Ana sayfa","item":"https:\/\/vanessa.com.tr\/"},{"@type":"ListItem","position":2,"name":"Hakk\u0131m\u0131zda"}]}]}},"_links":{"self":[{"href":"https:\/\/vanessa.com.tr\/en\/wp-json\/wp\/v2\/pages\/33"}],"collection":[{"href":"https:\/\/vanessa.com.tr\/en\/wp-json\/wp\/v2\/pages"}],"about":[{"href":"https:\/\/vanessa.com.tr\/en\/wp-json\/wp\/v2\/types\/page"}],"author":[{"embeddable":true,"href":"https:\/\/vanessa.com.tr\/en\/wp-json\/wp\/v2\/users\/1"}],"replies":[{"embeddable":true,"href":"https:\/\/vanessa.com.tr\/en\/wp-json\/wp\/v2\/comments?post=33"}],"version-history":[{"count":8,"href":"https:\/\/vanessa.com.tr\/en\/wp-json\/wp\/v2\/pages\/33\/revisions"}],"predecessor-version":[{"id":293,"href":"https:\/\/vanessa.com.tr\/en\/wp-json\/wp\/v2\/pages\/33\/revisions\/293"}],"wp:attachment":[{"href":"https:\/\/vanessa.com.tr\/en\/wp-json\/wp\/v2\/media?parent=33"}],"curies":[{"name":"wp","href":"https:\/\/api.w.org\/{rel}","templated":true}]}}